{"id":166,"date":"2025-10-10T18:33:40","date_gmt":"2025-10-10T16:33:40","guid":{"rendered":"https:\/\/estelliance-admin.fr\/?page_id=166"},"modified":"2025-10-21T14:28:57","modified_gmt":"2025-10-21T12:28:57","slug":"tarifs-de-mes-prestations-secteur-taxis-vsl","status":"publish","type":"page","link":"https:\/\/estelliance-admin.fr\/index.php\/tarifs-de-mes-prestations-secteur-taxis-vsl\/","title":{"rendered":"TARIFS SECTEUR TAXIS \/ VSL"},"content":{"rendered":"\n<div class=\"wp-block-cover is-layout-constrained wp-block-cover-is-layout-constrained\"><img data-recalc-dims=\"1\" fetchpriority=\"high\" decoding=\"async\" width=\"612\" height=\"408\" class=\"wp-block-cover__image-background wp-image-168 size-full\" alt=\"secr\u00e9taire ind\u00e9pendante, externalisation secr\u00e9tariat, gestion administrative taxi-vsl-t\u00e9l\u00e9transmission\" src=\"https:\/\/i0.wp.com\/estelliance-admin.fr\/wp-content\/uploads\/2025\/10\/gestion-administrative-taxi-vsl-teletransmission.webp?resize=612%2C408&#038;ssl=1\" data-object-fit=\"cover\" srcset=\"https:\/\/i0.wp.com\/estelliance-admin.fr\/wp-content\/uploads\/2025\/10\/gestion-administrative-taxi-vsl-teletransmission.webp?w=612&amp;ssl=1 612w, https:\/\/i0.wp.com\/estelliance-admin.fr\/wp-content\/uploads\/2025\/10\/gestion-administrative-taxi-vsl-teletransmission.webp?resize=300%2C200&amp;ssl=1 300w\" sizes=\"(max-width: 612px) 100vw, 612px\" \/><span aria-hidden=\"true\" class=\"wp-block-cover__background has-background-dim\" style=\"background-color:#655e67\"><\/span><div class=\"wp-block-cover__inner-container\"><\/div><\/div>\n\n\n\n<h3 class=\"wp-block-heading\"><strong><mark style=\"background-color:var(--nv-site-bg)\" class=\"has-inline-color has-nv-dark-bg-color\">TELETRANSMISSION ET FACTURATION SANTE<\/mark><\/strong><\/h3>\n\n\n\n<figure class=\"wp-block-table is-style-stripes\"><table class=\"has-fixed-layout\"><tbody><tr><td><strong><mark><mark style=\"background-color:var(--nv-text-dark-bg)\" class=\"has-inline-color has-neve-link-hover-color-color\">PRESTATION<\/mark><\/mark><\/strong><\/td><td class=\"has-text-align-center\" data-align=\"center\"><strong><mark><mark style=\"background-color:var(--nv-text-dark-bg)\" class=\"has-inline-color has-neve-link-hover-color-color\">TARIF HORAIRE<\/mark><\/mark><\/strong><\/td><\/tr><tr><td>\u2705 Saisie &amp; pr\u00e9paration des factures (logiciel m\u00e9tier)<\/td><td class=\"has-text-align-center\" data-align=\"center\">40 \u20ac<\/td><\/tr><tr><td>\u2705 T\u00e9l\u00e9transmission aux caisses (CPAM, mutuelles)<\/td><td class=\"has-text-align-center\" data-align=\"center\">40 \u20ac<\/td><\/tr><tr><td>\u2705 V\u00e9rification des ARL \/ retours No\u00e9mie<\/td><td class=\"has-text-align-center\" data-align=\"center\">40 \u20ac<\/td><\/tr><tr><td>\u2705 Suivi des lots &amp; archivage num\u00e9rique<\/td><td class=\"has-text-align-center\" data-align=\"center\">40 \u20ac<\/td><\/tr><\/tbody><\/table><\/figure>\n\n\n\n<h3 class=\"wp-block-heading\"><strong><mark style=\"background-color:var(--nv-site-bg)\" class=\"has-inline-color has-nv-dark-bg-color\">SUIVI DES PAIEMENTS &amp; IMPAYES<\/mark><\/strong><\/h3>\n\n\n\n<figure class=\"wp-block-table is-style-stripes\"><table class=\"has-fixed-layout\"><tbody><tr><td><strong><mark><mark style=\"background-color:var(--nv-text-dark-bg)\" class=\"has-inline-color has-neve-link-hover-color-color\">PRESTATION<\/mark><\/mark><\/strong><\/td><td class=\"has-text-align-center\" data-align=\"center\"><strong><mark><mark style=\"background-color:var(--nv-text-dark-bg)\" class=\"has-inline-color has-neve-link-hover-color-color\">TARIF HORAIRE<\/mark><\/mark><\/strong><\/td><\/tr><tr><td>\u2705 Contr\u00f4le des paiements re\u00e7us (CPAM, mutuelles)<\/td><td class=\"has-text-align-center\" data-align=\"center\">35 \u20ac<\/td><\/tr><tr><td>\u2705 Identification des anomalies \/ impay\u00e9s<\/td><td class=\"has-text-align-center\" data-align=\"center\">45 \u20ac<\/td><\/tr><tr><td>\u2705 Relances et correspondances avec les caisses<\/td><td class=\"has-text-align-center\" data-align=\"center\">45 \u20ac<\/td><\/tr><tr><td>\u2705 Mise \u00e0 jour de tableau de suivi<\/td><td class=\"has-text-align-center\" data-align=\"center\">Inclus<\/td><\/tr><\/tbody><\/table><\/figure>\n\n\n\n<h3 class=\"wp-block-heading\"><strong><mark style=\"background-color:var(--nv-site-bg)\" class=\"has-inline-color has-nv-dark-bg-color\">GESTION ADMINISTRATIVE COMPLEMENTAIRE<\/mark><\/strong><\/h3>\n\n\n\n<figure class=\"wp-block-table is-style-stripes\"><table class=\"has-fixed-layout\"><tbody><tr><td><strong><mark><mark style=\"background-color:var(--nv-text-dark-bg)\" class=\"has-inline-color has-neve-link-hover-color-color\">PRESTATION<\/mark><\/mark><\/strong><\/td><td class=\"has-text-align-center\" data-align=\"center\"><strong><mark><mark style=\"background-color:var(--nv-text-dark-bg)\" class=\"has-inline-color has-neve-link-hover-color-color\">TARIF HORAIRE<\/mark><\/mark><\/strong><\/td><\/tr><tr><td>\u2705 Classement des bons de transport et justificatifs<\/td><td class=\"has-text-align-center\" data-align=\"center\">35 \u20ac<\/td><\/tr><tr><td>\u2705 Pr\u00e9paration des \u00e9l\u00e9ments pour le comptable<\/td><td class=\"has-text-align-center\" data-align=\"center\">40 \u20ac<\/td><\/tr><tr><td>\u2705 Aide aux d\u00e9marches en ligne (URSSAF, imp\u00f4ts, MSA\u2026)<\/td><td class=\"has-text-align-center\" data-align=\"center\">45 \u20ac<\/td><\/tr><tr><td>\u2705 R\u00e9daction de courriers (r\u00e9clamations, r\u00e9siliations\u2026)<\/td><td class=\"has-text-align-center\" data-align=\"center\">35 \u20ac<\/td><\/tr><\/tbody><\/table><\/figure>\n\n\n\n<p><em>LISTE NON EXHAUSTIVE<\/em><\/p>\n\n\n\n<h3 class=\"wp-block-heading\"><strong><mark style=\"background-color:var(--nv-site-bg)\" class=\"has-inline-color has-nv-dark-bg-color\">FORMULES FORFAITAIRES &#8211; SUR MESURE<\/mark><\/strong><\/h3>\n\n\n\n<figure class=\"wp-block-table\"><table class=\"has-fixed-layout\"><tbody><tr><td><strong><mark><mark style=\"background-color:var(--nv-text-dark-bg)\" class=\"has-inline-color has-neve-link-hover-color-color\">FORFAIT<\/mark><\/mark><\/strong><\/td><td class=\"has-text-align-center\" data-align=\"center\"><strong><mark><mark style=\"background-color:var(--nv-text-dark-bg)\" class=\"has-inline-color has-neve-link-hover-color-color\">HEURES INCLUSES \/ MOIS<\/mark><\/mark><\/strong><\/td><td class=\"has-text-align-center\" data-align=\"center\"><strong><mark><mark style=\"background-color:var(--nv-text-dark-bg)\" class=\"has-inline-color has-neve-link-hover-color-color\">TARIF MENSUEL<\/mark><\/mark><\/strong><\/td><\/tr><tr><td>\ud83d\udcbc <strong>Essentiel<\/strong><\/td><td class=\"has-text-align-center\" data-align=\"center\">10 h<\/td><td class=\"has-text-align-center\" data-align=\"center\">400 \u20ac<\/td><\/tr><tr><td>\ud83d\udcbc <strong>Pro<\/strong><\/td><td class=\"has-text-align-center\" data-align=\"center\">18 h<\/td><td class=\"has-text-align-center\" data-align=\"center\">700 \u20ac<\/td><\/tr><tr><td>\ud83d\udcbc <strong>Premium<\/strong><\/td><td class=\"has-text-align-center\" data-align=\"center\">28 h<\/td><td class=\"has-text-align-center\" data-align=\"center\">1 050 \u20ac<\/td><\/tr><tr><td>\ud83d\udcbc <strong>Sur-mesure<\/strong><\/td><td class=\"has-text-align-center\" data-align=\"center\">30 h+<\/td><td class=\"has-text-align-center\" data-align=\"center\">Sur devis<\/td><\/tr><\/tbody><\/table><\/figure>\n\n\n\n<h4 class=\"wp-block-heading\"><strong><mark style=\"background-color:var(--nv-c-2)\" class=\"has-inline-color has-nv-dark-bg-color\"><strong><mark style=\"background-color:var(--nv-site-bg)\" class=\"has-inline-color\">\u26a0\ufe0f <strong>Conditions<\/strong><\/mark><\/strong><\/mark><\/strong><\/h4>\n\n\n\n<ul class=\"wp-block-list\">\n<li>Urgence sous 48h \/ jours f\u00e9ri\u00e9s \/ week-end : <strong>+25%<\/strong><\/li>\n\n\n\n<li>Intervention possible sur site (frais en sus selon distance)<\/li>\n\n\n\n<li>Engagement : <strong>sans dur\u00e9e minimale<\/strong>, prestations \u00e0 la demande ou mensuelles<\/li>\n<\/ul>\n\n\n\n<h4 class=\"wp-block-heading\">\ud83d\udca1 <strong>Informations utiles<\/strong><\/h4>\n\n\n\n<ul class=\"wp-block-list\">\n<li>Prestations <strong>sur mesure<\/strong>, sans engagement de dur\u00e9e.<\/li>\n\n\n\n<li>Facturation mensuelle ou au projet, selon le besoin.<\/li>\n\n\n\n<li>Interventions <strong>\u00e0 distance<\/strong> ou <strong>sur site<\/strong> (selon localisation).<\/li>\n\n\n\n<li>Devis gratuit et personnalis\u00e9 \u00e0 la demande.<\/li>\n<\/ul>\n\n\n\n<p>\ud83d\udc47 <strong>Vous souhaitez vous lib\u00e9rer du temps et d\u00e9l\u00e9guer en toute confiance ?<\/strong><\/p>\n\n\n\n<div class=\"wp-block-buttons is-layout-flex wp-block-buttons-is-layout-flex\">\n<div class=\"wp-block-button is-style-primary\"><a class=\"wp-block-button__link wp-element-button\" href=\"https:\/\/estelliance-admin.fr\/index.php\/contact\/\" target=\"_blank\" rel=\"noreferrer noopener\">Contactez-moi<\/a><\/div>\n<\/div>\n","protected":false},"excerpt":{"rendered":"<p>TELETRANSMISSION ET FACTURATION SANTE PRESTATION TARIF HORAIRE \u2705 Saisie &amp; pr\u00e9paration des factures (logiciel m\u00e9tier) 40 \u20ac \u2705 T\u00e9l\u00e9transmission aux caisses (CPAM, mutuelles) 40 \u20ac \u2705 V\u00e9rification des ARL \/ retours No\u00e9mie 40 \u20ac \u2705 Suivi des lots &amp; archivage num\u00e9rique 40 \u20ac SUIVI DES PAIEMENTS &amp; IMPAYES PRESTATION TARIF HORAIRE \u2705 Contr\u00f4le des paiements&hellip;&nbsp;<a href=\"https:\/\/estelliance-admin.fr\/index.php\/tarifs-de-mes-prestations-secteur-taxis-vsl\/\" rel=\"bookmark\">Lire la suite &raquo;<span class=\"screen-reader-text\">TARIFS SECTEUR TAXIS \/ VSL<\/span><\/a><\/p>\n","protected":false},"author":2,"featured_media":0,"parent":0,"menu_order":0,"comment_status":"closed","ping_status":"closed","template":"","meta":{"neve_meta_sidebar":"","neve_meta_container":"","neve_meta_enable_content_width":"","neve_meta_content_width":0,"neve_meta_title_alignment":"","neve_meta_author_avatar":"","neve_post_elements_order":"","neve_meta_disable_header":"","neve_meta_disable_footer":"","neve_meta_disable_title":"","footnotes":""},"class_list":["post-166","page","type-page","status-publish","hentry"],"yoast_head":"<!-- This site is optimized with the Yoast SEO plugin v26.9 - https:\/\/yoast.com\/product\/yoast-seo-wordpress\/ -->\n<title>TARIFS SECTEUR TAXIS \/ VSL - ESTELLIANCE ADMIN<\/title>\n<meta name=\"description\" content=\"TARIFS SECTEUR TAXIS \/ VSL ESTELLIANCE ADMIN\" \/>\n<meta name=\"robots\" content=\"index, follow, max-snippet:-1, max-image-preview:large, max-video-preview:-1\" \/>\n<link rel=\"canonical\" href=\"https:\/\/estelliance-admin.fr\/index.php\/tarifs-de-mes-prestations-secteur-taxis-vsl\/\" \/>\n<meta property=\"og:locale\" content=\"fr_FR\" \/>\n<meta property=\"og:type\" content=\"article\" \/>\n<meta property=\"og:title\" content=\"TARIFS SECTEUR TAXIS \/ VSL - ESTELLIANCE ADMIN\" \/>\n<meta property=\"og:description\" content=\"TARIFS SECTEUR TAXIS \/ VSL ESTELLIANCE ADMIN\" \/>\n<meta property=\"og:url\" content=\"https:\/\/estelliance-admin.fr\/index.php\/tarifs-de-mes-prestations-secteur-taxis-vsl\/\" \/>\n<meta property=\"og:site_name\" content=\"ESTELLIANCE ADMIN\" \/>\n<meta property=\"article:modified_time\" content=\"2025-10-21T12:28:57+00:00\" \/>\n<meta property=\"og:image\" content=\"https:\/\/estelliance-admin.fr\/wp-content\/uploads\/2025\/10\/gestion-administrative-taxi-vsl-teletransmission.webp\" \/>\n<meta name=\"twitter:card\" content=\"summary_large_image\" \/>\n<meta name=\"twitter:label1\" content=\"Dur\u00e9e de lecture estim\u00e9e\" \/>\n\t<meta name=\"twitter:data1\" content=\"2 minutes\" \/>\n<script type=\"application\/ld+json\" class=\"yoast-schema-graph\">{\"@context\":\"https:\/\/schema.org\",\"@graph\":[{\"@type\":\"WebPage\",\"@id\":\"https:\/\/estelliance-admin.fr\/index.php\/tarifs-de-mes-prestations-secteur-taxis-vsl\/\",\"url\":\"https:\/\/estelliance-admin.fr\/index.php\/tarifs-de-mes-prestations-secteur-taxis-vsl\/\",\"name\":\"TARIFS SECTEUR TAXIS \/ VSL - ESTELLIANCE ADMIN\",\"isPartOf\":{\"@id\":\"https:\/\/estelliance-admin.fr\/#website\"},\"primaryImageOfPage\":{\"@id\":\"https:\/\/estelliance-admin.fr\/index.php\/tarifs-de-mes-prestations-secteur-taxis-vsl\/#primaryimage\"},\"image\":{\"@id\":\"https:\/\/estelliance-admin.fr\/index.php\/tarifs-de-mes-prestations-secteur-taxis-vsl\/#primaryimage\"},\"thumbnailUrl\":\"https:\/\/estelliance-admin.fr\/wp-content\/uploads\/2025\/10\/gestion-administrative-taxi-vsl-teletransmission.webp\",\"datePublished\":\"2025-10-10T16:33:40+00:00\",\"dateModified\":\"2025-10-21T12:28:57+00:00\",\"description\":\"TARIFS SECTEUR TAXIS \/ VSL ESTELLIANCE ADMIN\",\"breadcrumb\":{\"@id\":\"https:\/\/estelliance-admin.fr\/index.php\/tarifs-de-mes-prestations-secteur-taxis-vsl\/#breadcrumb\"},\"inLanguage\":\"fr-FR\",\"potentialAction\":[{\"@type\":\"ReadAction\",\"target\":[\"https:\/\/estelliance-admin.fr\/index.php\/tarifs-de-mes-prestations-secteur-taxis-vsl\/\"]}]},{\"@type\":\"ImageObject\",\"inLanguage\":\"fr-FR\",\"@id\":\"https:\/\/estelliance-admin.fr\/index.php\/tarifs-de-mes-prestations-secteur-taxis-vsl\/#primaryimage\",\"url\":\"https:\/\/i0.wp.com\/estelliance-admin.fr\/wp-content\/uploads\/2025\/10\/gestion-administrative-taxi-vsl-teletransmission.webp?fit=612%2C408&ssl=1\",\"contentUrl\":\"https:\/\/i0.wp.com\/estelliance-admin.fr\/wp-content\/uploads\/2025\/10\/gestion-administrative-taxi-vsl-teletransmission.webp?fit=612%2C408&ssl=1\",\"width\":612,\"height\":408,\"caption\":\"secr\u00e9taire ind\u00e9pendante, externalisation secr\u00e9tariat, gestion administrative taxi-vsl-t\u00e9l\u00e9transmission\"},{\"@type\":\"BreadcrumbList\",\"@id\":\"https:\/\/estelliance-admin.fr\/index.php\/tarifs-de-mes-prestations-secteur-taxis-vsl\/#breadcrumb\",\"itemListElement\":[{\"@type\":\"ListItem\",\"position\":1,\"name\":\"Accueil\",\"item\":\"https:\/\/estelliance-admin.fr\/\"},{\"@type\":\"ListItem\",\"position\":2,\"name\":\"TARIFS SECTEUR TAXIS \/ VSL\"}]},{\"@type\":\"WebSite\",\"@id\":\"https:\/\/estelliance-admin.fr\/#website\",\"url\":\"https:\/\/estelliance-admin.fr\/\",\"name\":\"ESTELLIANCE ADMIN\",\"description\":\"Votre s\u00e9r\u00e9nit\u00e9 administrative commence ici\",\"publisher\":{\"@id\":\"https:\/\/estelliance-admin.fr\/#\/schema\/person\/863ed9e1f8de6a656f5a2bb5f06138fe\"},\"potentialAction\":[{\"@type\":\"SearchAction\",\"target\":{\"@type\":\"EntryPoint\",\"urlTemplate\":\"https:\/\/estelliance-admin.fr\/?s={search_term_string}\"},\"query-input\":{\"@type\":\"PropertyValueSpecification\",\"valueRequired\":true,\"valueName\":\"search_term_string\"}}],\"inLanguage\":\"fr-FR\"},{\"@type\":[\"Person\",\"Organization\"],\"@id\":\"https:\/\/estelliance-admin.fr\/#\/schema\/person\/863ed9e1f8de6a656f5a2bb5f06138fe\",\"name\":\"secadmin\",\"image\":{\"@type\":\"ImageObject\",\"inLanguage\":\"fr-FR\",\"@id\":\"https:\/\/estelliance-admin.fr\/#\/schema\/person\/image\/\",\"url\":\"https:\/\/i0.wp.com\/estelliance-admin.fr\/wp-content\/uploads\/2025\/03\/Ajouter-un-titre.webp?fit=500%2C500&ssl=1\",\"contentUrl\":\"https:\/\/i0.wp.com\/estelliance-admin.fr\/wp-content\/uploads\/2025\/03\/Ajouter-un-titre.webp?fit=500%2C500&ssl=1\",\"width\":500,\"height\":500,\"caption\":\"secadmin\"},\"logo\":{\"@id\":\"https:\/\/estelliance-admin.fr\/#\/schema\/person\/image\/\"},\"sameAs\":[\"http:\/\/estelliance-admin.fr\"]}]}<\/script>\n<!-- \/ Yoast SEO plugin. -->","yoast_head_json":{"title":"TARIFS SECTEUR TAXIS \/ VSL - ESTELLIANCE ADMIN","description":"TARIFS SECTEUR TAXIS \/ VSL ESTELLIANCE ADMIN","robots":{"index":"index","follow":"follow","max-snippet":"max-snippet:-1","max-image-preview":"max-image-preview:large","max-video-preview":"max-video-preview:-1"},"canonical":"https:\/\/estelliance-admin.fr\/index.php\/tarifs-de-mes-prestations-secteur-taxis-vsl\/","og_locale":"fr_FR","og_type":"article","og_title":"TARIFS SECTEUR TAXIS \/ VSL - ESTELLIANCE ADMIN","og_description":"TARIFS SECTEUR TAXIS \/ VSL ESTELLIANCE ADMIN","og_url":"https:\/\/estelliance-admin.fr\/index.php\/tarifs-de-mes-prestations-secteur-taxis-vsl\/","og_site_name":"ESTELLIANCE ADMIN","article_modified_time":"2025-10-21T12:28:57+00:00","og_image":[{"url":"https:\/\/estelliance-admin.fr\/wp-content\/uploads\/2025\/10\/gestion-administrative-taxi-vsl-teletransmission.webp","type":"","width":"","height":""}],"twitter_card":"summary_large_image","twitter_misc":{"Dur\u00e9e de lecture estim\u00e9e":"2 minutes"},"schema":{"@context":"https:\/\/schema.org","@graph":[{"@type":"WebPage","@id":"https:\/\/estelliance-admin.fr\/index.php\/tarifs-de-mes-prestations-secteur-taxis-vsl\/","url":"https:\/\/estelliance-admin.fr\/index.php\/tarifs-de-mes-prestations-secteur-taxis-vsl\/","name":"TARIFS SECTEUR TAXIS \/ VSL - ESTELLIANCE ADMIN","isPartOf":{"@id":"https:\/\/estelliance-admin.fr\/#website"},"primaryImageOfPage":{"@id":"https:\/\/estelliance-admin.fr\/index.php\/tarifs-de-mes-prestations-secteur-taxis-vsl\/#primaryimage"},"image":{"@id":"https:\/\/estelliance-admin.fr\/index.php\/tarifs-de-mes-prestations-secteur-taxis-vsl\/#primaryimage"},"thumbnailUrl":"https:\/\/estelliance-admin.fr\/wp-content\/uploads\/2025\/10\/gestion-administrative-taxi-vsl-teletransmission.webp","datePublished":"2025-10-10T16:33:40+00:00","dateModified":"2025-10-21T12:28:57+00:00","description":"TARIFS SECTEUR TAXIS \/ VSL ESTELLIANCE ADMIN","breadcrumb":{"@id":"https:\/\/estelliance-admin.fr\/index.php\/tarifs-de-mes-prestations-secteur-taxis-vsl\/#breadcrumb"},"inLanguage":"fr-FR","potentialAction":[{"@type":"ReadAction","target":["https:\/\/estelliance-admin.fr\/index.php\/tarifs-de-mes-prestations-secteur-taxis-vsl\/"]}]},{"@type":"ImageObject","inLanguage":"fr-FR","@id":"https:\/\/estelliance-admin.fr\/index.php\/tarifs-de-mes-prestations-secteur-taxis-vsl\/#primaryimage","url":"https:\/\/i0.wp.com\/estelliance-admin.fr\/wp-content\/uploads\/2025\/10\/gestion-administrative-taxi-vsl-teletransmission.webp?fit=612%2C408&ssl=1","contentUrl":"https:\/\/i0.wp.com\/estelliance-admin.fr\/wp-content\/uploads\/2025\/10\/gestion-administrative-taxi-vsl-teletransmission.webp?fit=612%2C408&ssl=1","width":612,"height":408,"caption":"secr\u00e9taire ind\u00e9pendante, externalisation secr\u00e9tariat, gestion administrative taxi-vsl-t\u00e9l\u00e9transmission"},{"@type":"BreadcrumbList","@id":"https:\/\/estelliance-admin.fr\/index.php\/tarifs-de-mes-prestations-secteur-taxis-vsl\/#breadcrumb","itemListElement":[{"@type":"ListItem","position":1,"name":"Accueil","item":"https:\/\/estelliance-admin.fr\/"},{"@type":"ListItem","position":2,"name":"TARIFS SECTEUR TAXIS \/ VSL"}]},{"@type":"WebSite","@id":"https:\/\/estelliance-admin.fr\/#website","url":"https:\/\/estelliance-admin.fr\/","name":"ESTELLIANCE ADMIN","description":"Votre s\u00e9r\u00e9nit\u00e9 administrative commence ici","publisher":{"@id":"https:\/\/estelliance-admin.fr\/#\/schema\/person\/863ed9e1f8de6a656f5a2bb5f06138fe"},"potentialAction":[{"@type":"SearchAction","target":{"@type":"EntryPoint","urlTemplate":"https:\/\/estelliance-admin.fr\/?s={search_term_string}"},"query-input":{"@type":"PropertyValueSpecification","valueRequired":true,"valueName":"search_term_string"}}],"inLanguage":"fr-FR"},{"@type":["Person","Organization"],"@id":"https:\/\/estelliance-admin.fr\/#\/schema\/person\/863ed9e1f8de6a656f5a2bb5f06138fe","name":"secadmin","image":{"@type":"ImageObject","inLanguage":"fr-FR","@id":"https:\/\/estelliance-admin.fr\/#\/schema\/person\/image\/","url":"https:\/\/i0.wp.com\/estelliance-admin.fr\/wp-content\/uploads\/2025\/03\/Ajouter-un-titre.webp?fit=500%2C500&ssl=1","contentUrl":"https:\/\/i0.wp.com\/estelliance-admin.fr\/wp-content\/uploads\/2025\/03\/Ajouter-un-titre.webp?fit=500%2C500&ssl=1","width":500,"height":500,"caption":"secadmin"},"logo":{"@id":"https:\/\/estelliance-admin.fr\/#\/schema\/person\/image\/"},"sameAs":["http:\/\/estelliance-admin.fr"]}]}},"jetpack_sharing_enabled":true,"_links":{"self":[{"href":"https:\/\/estelliance-admin.fr\/index.php\/wp-json\/wp\/v2\/pages\/166","targetHints":{"allow":["GET"]}}],"collection":[{"href":"https:\/\/estelliance-admin.fr\/index.php\/wp-json\/wp\/v2\/pages"}],"about":[{"href":"https:\/\/estelliance-admin.fr\/index.php\/wp-json\/wp\/v2\/types\/page"}],"author":[{"embeddable":true,"href":"https:\/\/estelliance-admin.fr\/index.php\/wp-json\/wp\/v2\/users\/2"}],"replies":[{"embeddable":true,"href":"https:\/\/estelliance-admin.fr\/index.php\/wp-json\/wp\/v2\/comments?post=166"}],"version-history":[{"count":6,"href":"https:\/\/estelliance-admin.fr\/index.php\/wp-json\/wp\/v2\/pages\/166\/revisions"}],"predecessor-version":[{"id":332,"href":"https:\/\/estelliance-admin.fr\/index.php\/wp-json\/wp\/v2\/pages\/166\/revisions\/332"}],"wp:attachment":[{"href":"https:\/\/estelliance-admin.fr\/index.php\/wp-json\/wp\/v2\/media?parent=166"}],"curies":[{"name":"wp","href":"https:\/\/api.w.org\/{rel}","templated":true}]}}