{"id":235,"date":"2025-10-16T16:10:20","date_gmt":"2025-10-16T14:10:20","guid":{"rendered":"https:\/\/estelliance-admin.fr\/?page_id=235"},"modified":"2025-10-21T10:19:50","modified_gmt":"2025-10-21T08:19:50","slug":"mes-prestations","status":"publish","type":"page","link":"https:\/\/estelliance-admin.fr\/index.php\/mes-prestations\/","title":{"rendered":"Tarifs de mes prestations"},"content":{"rendered":"\n<div class=\"wp-block-cover\"><img data-recalc-dims=\"1\" fetchpriority=\"high\" decoding=\"async\" width=\"600\" height=\"400\" class=\"wp-block-cover__image-background wp-image-241 size-full\" alt=\"\" src=\"https:\/\/i0.wp.com\/estelliance-admin.fr\/wp-content\/uploads\/2025\/10\/Bureau-assistante-adminsitrative-independante-secretaire-architecture-taxi-agriculture-btp-bet-tpe-pme.webp?resize=600%2C400&#038;ssl=1\" data-object-fit=\"cover\" srcset=\"https:\/\/i0.wp.com\/estelliance-admin.fr\/wp-content\/uploads\/2025\/10\/Bureau-assistante-adminsitrative-independante-secretaire-architecture-taxi-agriculture-btp-bet-tpe-pme.webp?w=600&amp;ssl=1 600w, https:\/\/i0.wp.com\/estelliance-admin.fr\/wp-content\/uploads\/2025\/10\/Bureau-assistante-adminsitrative-independante-secretaire-architecture-taxi-agriculture-btp-bet-tpe-pme.webp?resize=300%2C200&amp;ssl=1 300w\" sizes=\"(max-width: 600px) 100vw, 600px\" \/><span aria-hidden=\"true\" class=\"wp-block-cover__background has-background-dim\" style=\"background-color:#8e7369\"><\/span><div class=\"wp-block-cover__inner-container is-layout-constrained wp-block-cover-is-layout-constrained\">\n<p class=\"has-text-align-center has-large-font-size\"><mark style=\"background-color:rgba(0, 0, 0, 0)\" class=\"has-inline-color has-nv-site-bg-color\"><strong>TARIFS ADAPT\u00c9S \u00c0 VOS BESOINS<\/strong><\/mark><\/p>\n<\/div><\/div>\n\n\n\n<blockquote class=\"wp-block-quote is-layout-flow wp-block-quote-is-layout-flow\">\n<p class=\"has-text-align-center\"><strong>Chez ESTELLIANCE ADMIN, chaque prestation est pens\u00e9e pour s&rsquo;adapter \u00e0 votre activit\u00e9 et \u00e0 votre rythme de travail. Vous trouverez ci-dessous un aper\u00e7u g\u00e9n\u00e9ral de mon fonctionnement tarifaire. Pour des d\u00e9tails sp\u00e9cifiques \u00e0 chaque secteur, explorez le menu d\u00e9roulant ci-dessus \ud83d\udc46<\/strong><\/p>\n<\/blockquote>\n\n\n\n<p class=\"has-text-align-center\"><em><mark style=\"background-color:rgba(0, 0, 0, 0)\" class=\"has-inline-color has-neve-link-hover-color-color\">Je privil\u00e9gie la transparence, la souplesse et l&rsquo;\u00e9quit\u00e9 dans la tarification. <\/mark><\/em><\/p>\n\n\n\n<p class=\"has-text-align-center\"><em><mark style=\"background-color:rgba(0, 0, 0, 0)\" class=\"has-inline-color has-neve-link-hover-color-color\">Les tarifs peuvent varier selon la complexit\u00e9 des missions, la fr\u00e9quence d&rsquo;intervention et les besoins particuliers de votre activit\u00e9. <\/mark><\/em><\/p>\n\n\n\n<p class=\"has-text-align-center\"><em><mark style=\"background-color:rgba(0, 0, 0, 0)\" class=\"has-inline-color has-neve-link-hover-color-color\">\ud83d\udca1 Toutes les prestations sont r\u00e9alis\u00e9es sur mesure &#8211; je vous propose toujours un devis personnalis\u00e9, sans engagement.<\/mark><\/em><\/p>\n\n\n\n<p class=\"has-text-align-left\"><strong>MODES DE TARIFICATION PRINCIPAUX<\/strong><\/p>\n\n\n\n<div class=\"wp-block-columns is-layout-flex wp-container-core-columns-is-layout-9d6595d7 wp-block-columns-is-layout-flex\">\n<div class=\"wp-block-column is-layout-flow wp-block-column-is-layout-flow\">\n<p class=\"has-text-align-center\">\ud83d\udd52 <strong>\u00c0 l\u2019heure<\/strong> : Id\u00e9al pour des missions ponctuelles ou un soutien administratif occasionnel.<\/p>\n<\/div>\n\n\n\n<div class=\"wp-block-column is-layout-flow wp-block-column-is-layout-flow\">\n<p class=\"has-text-align-center\">\ud83d\udcc5 <strong>Forfait mensuel<\/strong> : Parfait pour une collaboration r\u00e9guli\u00e8re et une visibilit\u00e9 budg\u00e9taire claire.<\/p>\n<\/div>\n\n\n\n<div class=\"wp-block-column is-layout-flow wp-block-column-is-layout-flow\">\n<p class=\"has-text-align-center\">\ud83d\udcdd <strong>Mission sp\u00e9cifique ou projet<\/strong> : Pour une mission d\u00e9finie<\/p>\n<\/div>\n<\/div>\n\n\n\n<p><strong>\ud83d\udc49 D\u00e9couvrez le d\u00e9tail de mes tarifs par secteur d\u2019activit\u00e9 :<\/strong><\/p>\n\n\n\n<ul class=\"wp-block-list\">\n<li><strong><a href=\"https:\/\/estelliance-admin.fr\/index.php\/page-assistante-administrative-independante-domaine-architecture-moe\/\" target=\"_blank\" rel=\"noreferrer noopener\">Architecture et b\u00e2timent<\/a><\/strong> \ud83c\udfd7<\/li>\n\n\n\n<li><strong><a href=\"https:\/\/estelliance-admin.fr\/index.php\/tarifs-de-mes-prestations-secteur-agricole-equin\/\" target=\"_blank\" rel=\"noreferrer noopener\">Secteur \u00e9quin<\/a><\/strong> \ud83d\udc34<\/li>\n\n\n\n<li><strong><a href=\"https:\/\/estelliance-admin.fr\/index.php\/tarifs-de-mes-prestations-secteur-taxis-vsl\/\" target=\"_blank\" rel=\"noreferrer noopener\">T\u00e9l\u00e9transmission taxi<\/a><\/strong> \ud83d\ude95<\/li>\n<\/ul>\n\n\n\n<p><strong>S\u00e9lectionnez le secteur qui vous concerne dans le menu ci-dessus pour acc\u00e9der aux grilles tarifaires d\u00e9taill\u00e9es.<\/strong><\/p>\n\n\n\n<p><strong><mark style=\"background-color:rgba(0, 0, 0, 0)\" class=\"has-inline-color has-neve-link-hover-color-color\">\u2753 Vous ne trouvez pas de formule adapt\u00e9e ?<\/mark><\/strong> <strong>Contactez-moi <\/strong>pour une \u00e9tude personnalis\u00e9e &#8211; c&rsquo;est sans contrainte.<\/p>\n\n\n\n<div class=\"wp-block-buttons is-layout-flex wp-block-buttons-is-layout-flex\">\n<div class=\"wp-block-button is-style-primary\"><a class=\"wp-block-button__link wp-element-button\" href=\"https:\/\/estelliance-admin.fr\/index.php\/contact\/\" target=\"_blank\" rel=\"noreferrer noopener\">Contactez-moi<\/a><\/div>\n<\/div>\n","protected":false},"excerpt":{"rendered":"<p>Chez ESTELLIANCE ADMIN, chaque prestation est pens\u00e9e pour s&rsquo;adapter \u00e0 votre activit\u00e9 et \u00e0 votre rythme de travail. Vous trouverez ci-dessous un aper\u00e7u g\u00e9n\u00e9ral de mon fonctionnement tarifaire. Pour des d\u00e9tails sp\u00e9cifiques \u00e0 chaque secteur, explorez le menu d\u00e9roulant ci-dessus \ud83d\udc46 Je privil\u00e9gie la transparence, la souplesse et l&rsquo;\u00e9quit\u00e9 dans la tarification. Les tarifs peuvent&hellip;&nbsp;<a href=\"https:\/\/estelliance-admin.fr\/index.php\/mes-prestations\/\" rel=\"bookmark\">Lire la suite &raquo;<span class=\"screen-reader-text\">Tarifs de mes prestations<\/span><\/a><\/p>\n","protected":false},"author":2,"featured_media":0,"parent":0,"menu_order":0,"comment_status":"closed","ping_status":"closed","template":"","meta":{"neve_meta_sidebar":"","neve_meta_container":"","neve_meta_enable_content_width":"","neve_meta_content_width":0,"neve_meta_title_alignment":"","neve_meta_author_avatar":"","neve_post_elements_order":"","neve_meta_disable_header":"","neve_meta_disable_footer":"","neve_meta_disable_title":"","footnotes":""},"class_list":["post-235","page","type-page","status-publish","hentry"],"yoast_head":"<!-- This site is optimized with the Yoast SEO plugin v26.9 - https:\/\/yoast.com\/product\/yoast-seo-wordpress\/ -->\n<title>Tarifs de mes prestations - ESTELLIANCE ADMIN<\/title>\n<meta name=\"description\" content=\"Tarifs de mes prestations ESTELLIANCE ADMIN\" \/>\n<meta name=\"robots\" content=\"index, follow, max-snippet:-1, max-image-preview:large, max-video-preview:-1\" \/>\n<link rel=\"canonical\" href=\"https:\/\/estelliance-admin.fr\/index.php\/mes-prestations\/\" \/>\n<meta property=\"og:locale\" content=\"fr_FR\" \/>\n<meta property=\"og:type\" content=\"article\" \/>\n<meta property=\"og:title\" content=\"Tarifs de mes prestations - ESTELLIANCE ADMIN\" \/>\n<meta property=\"og:description\" content=\"Tarifs de mes prestations ESTELLIANCE ADMIN\" \/>\n<meta property=\"og:url\" content=\"https:\/\/estelliance-admin.fr\/index.php\/mes-prestations\/\" \/>\n<meta property=\"og:site_name\" content=\"ESTELLIANCE ADMIN\" \/>\n<meta property=\"article:modified_time\" content=\"2025-10-21T08:19:50+00:00\" \/>\n<meta property=\"og:image\" content=\"https:\/\/estelliance-admin.fr\/wp-content\/uploads\/2025\/10\/Bureau-assistante-adminsitrative-independante-secretaire-architecture-taxi-agriculture-btp-bet-tpe-pme.webp\" \/>\n<meta name=\"twitter:card\" content=\"summary_large_image\" \/>\n<meta name=\"twitter:label1\" content=\"Dur\u00e9e de lecture estim\u00e9e\" \/>\n\t<meta name=\"twitter:data1\" content=\"1 minute\" \/>\n<script type=\"application\/ld+json\" class=\"yoast-schema-graph\">{\"@context\":\"https:\/\/schema.org\",\"@graph\":[{\"@type\":\"WebPage\",\"@id\":\"https:\/\/estelliance-admin.fr\/index.php\/mes-prestations\/\",\"url\":\"https:\/\/estelliance-admin.fr\/index.php\/mes-prestations\/\",\"name\":\"Tarifs de mes prestations - ESTELLIANCE ADMIN\",\"isPartOf\":{\"@id\":\"https:\/\/estelliance-admin.fr\/#website\"},\"primaryImageOfPage\":{\"@id\":\"https:\/\/estelliance-admin.fr\/index.php\/mes-prestations\/#primaryimage\"},\"image\":{\"@id\":\"https:\/\/estelliance-admin.fr\/index.php\/mes-prestations\/#primaryimage\"},\"thumbnailUrl\":\"https:\/\/estelliance-admin.fr\/wp-content\/uploads\/2025\/10\/Bureau-assistante-adminsitrative-independante-secretaire-architecture-taxi-agriculture-btp-bet-tpe-pme.webp\",\"datePublished\":\"2025-10-16T14:10:20+00:00\",\"dateModified\":\"2025-10-21T08:19:50+00:00\",\"description\":\"Tarifs de mes prestations ESTELLIANCE ADMIN\",\"breadcrumb\":{\"@id\":\"https:\/\/estelliance-admin.fr\/index.php\/mes-prestations\/#breadcrumb\"},\"inLanguage\":\"fr-FR\",\"potentialAction\":[{\"@type\":\"ReadAction\",\"target\":[\"https:\/\/estelliance-admin.fr\/index.php\/mes-prestations\/\"]}]},{\"@type\":\"ImageObject\",\"inLanguage\":\"fr-FR\",\"@id\":\"https:\/\/estelliance-admin.fr\/index.php\/mes-prestations\/#primaryimage\",\"url\":\"https:\/\/i0.wp.com\/estelliance-admin.fr\/wp-content\/uploads\/2025\/10\/Bureau-assistante-adminsitrative-independante-secretaire-architecture-taxi-agriculture-btp-bet-tpe-pme.webp?fit=600%2C400&ssl=1\",\"contentUrl\":\"https:\/\/i0.wp.com\/estelliance-admin.fr\/wp-content\/uploads\/2025\/10\/Bureau-assistante-adminsitrative-independante-secretaire-architecture-taxi-agriculture-btp-bet-tpe-pme.webp?fit=600%2C400&ssl=1\",\"width\":600,\"height\":400},{\"@type\":\"BreadcrumbList\",\"@id\":\"https:\/\/estelliance-admin.fr\/index.php\/mes-prestations\/#breadcrumb\",\"itemListElement\":[{\"@type\":\"ListItem\",\"position\":1,\"name\":\"Accueil\",\"item\":\"https:\/\/estelliance-admin.fr\/\"},{\"@type\":\"ListItem\",\"position\":2,\"name\":\"Tarifs de mes prestations\"}]},{\"@type\":\"WebSite\",\"@id\":\"https:\/\/estelliance-admin.fr\/#website\",\"url\":\"https:\/\/estelliance-admin.fr\/\",\"name\":\"ESTELLIANCE ADMIN\",\"description\":\"Votre s\u00e9r\u00e9nit\u00e9 administrative commence ici\",\"publisher\":{\"@id\":\"https:\/\/estelliance-admin.fr\/#\/schema\/person\/863ed9e1f8de6a656f5a2bb5f06138fe\"},\"potentialAction\":[{\"@type\":\"SearchAction\",\"target\":{\"@type\":\"EntryPoint\",\"urlTemplate\":\"https:\/\/estelliance-admin.fr\/?s={search_term_string}\"},\"query-input\":{\"@type\":\"PropertyValueSpecification\",\"valueRequired\":true,\"valueName\":\"search_term_string\"}}],\"inLanguage\":\"fr-FR\"},{\"@type\":[\"Person\",\"Organization\"],\"@id\":\"https:\/\/estelliance-admin.fr\/#\/schema\/person\/863ed9e1f8de6a656f5a2bb5f06138fe\",\"name\":\"secadmin\",\"image\":{\"@type\":\"ImageObject\",\"inLanguage\":\"fr-FR\",\"@id\":\"https:\/\/estelliance-admin.fr\/#\/schema\/person\/image\/\",\"url\":\"https:\/\/i0.wp.com\/estelliance-admin.fr\/wp-content\/uploads\/2025\/03\/Ajouter-un-titre.webp?fit=500%2C500&ssl=1\",\"contentUrl\":\"https:\/\/i0.wp.com\/estelliance-admin.fr\/wp-content\/uploads\/2025\/03\/Ajouter-un-titre.webp?fit=500%2C500&ssl=1\",\"width\":500,\"height\":500,\"caption\":\"secadmin\"},\"logo\":{\"@id\":\"https:\/\/estelliance-admin.fr\/#\/schema\/person\/image\/\"},\"sameAs\":[\"http:\/\/estelliance-admin.fr\"]}]}<\/script>\n<!-- \/ Yoast SEO plugin. -->","yoast_head_json":{"title":"Tarifs de mes prestations - ESTELLIANCE ADMIN","description":"Tarifs de mes prestations ESTELLIANCE ADMIN","robots":{"index":"index","follow":"follow","max-snippet":"max-snippet:-1","max-image-preview":"max-image-preview:large","max-video-preview":"max-video-preview:-1"},"canonical":"https:\/\/estelliance-admin.fr\/index.php\/mes-prestations\/","og_locale":"fr_FR","og_type":"article","og_title":"Tarifs de mes prestations - ESTELLIANCE ADMIN","og_description":"Tarifs de mes prestations ESTELLIANCE ADMIN","og_url":"https:\/\/estelliance-admin.fr\/index.php\/mes-prestations\/","og_site_name":"ESTELLIANCE ADMIN","article_modified_time":"2025-10-21T08:19:50+00:00","og_image":[{"url":"https:\/\/estelliance-admin.fr\/wp-content\/uploads\/2025\/10\/Bureau-assistante-adminsitrative-independante-secretaire-architecture-taxi-agriculture-btp-bet-tpe-pme.webp","type":"","width":"","height":""}],"twitter_card":"summary_large_image","twitter_misc":{"Dur\u00e9e de lecture estim\u00e9e":"1 minute"},"schema":{"@context":"https:\/\/schema.org","@graph":[{"@type":"WebPage","@id":"https:\/\/estelliance-admin.fr\/index.php\/mes-prestations\/","url":"https:\/\/estelliance-admin.fr\/index.php\/mes-prestations\/","name":"Tarifs de mes prestations - ESTELLIANCE ADMIN","isPartOf":{"@id":"https:\/\/estelliance-admin.fr\/#website"},"primaryImageOfPage":{"@id":"https:\/\/estelliance-admin.fr\/index.php\/mes-prestations\/#primaryimage"},"image":{"@id":"https:\/\/estelliance-admin.fr\/index.php\/mes-prestations\/#primaryimage"},"thumbnailUrl":"https:\/\/estelliance-admin.fr\/wp-content\/uploads\/2025\/10\/Bureau-assistante-adminsitrative-independante-secretaire-architecture-taxi-agriculture-btp-bet-tpe-pme.webp","datePublished":"2025-10-16T14:10:20+00:00","dateModified":"2025-10-21T08:19:50+00:00","description":"Tarifs de mes prestations ESTELLIANCE ADMIN","breadcrumb":{"@id":"https:\/\/estelliance-admin.fr\/index.php\/mes-prestations\/#breadcrumb"},"inLanguage":"fr-FR","potentialAction":[{"@type":"ReadAction","target":["https:\/\/estelliance-admin.fr\/index.php\/mes-prestations\/"]}]},{"@type":"ImageObject","inLanguage":"fr-FR","@id":"https:\/\/estelliance-admin.fr\/index.php\/mes-prestations\/#primaryimage","url":"https:\/\/i0.wp.com\/estelliance-admin.fr\/wp-content\/uploads\/2025\/10\/Bureau-assistante-adminsitrative-independante-secretaire-architecture-taxi-agriculture-btp-bet-tpe-pme.webp?fit=600%2C400&ssl=1","contentUrl":"https:\/\/i0.wp.com\/estelliance-admin.fr\/wp-content\/uploads\/2025\/10\/Bureau-assistante-adminsitrative-independante-secretaire-architecture-taxi-agriculture-btp-bet-tpe-pme.webp?fit=600%2C400&ssl=1","width":600,"height":400},{"@type":"BreadcrumbList","@id":"https:\/\/estelliance-admin.fr\/index.php\/mes-prestations\/#breadcrumb","itemListElement":[{"@type":"ListItem","position":1,"name":"Accueil","item":"https:\/\/estelliance-admin.fr\/"},{"@type":"ListItem","position":2,"name":"Tarifs de mes prestations"}]},{"@type":"WebSite","@id":"https:\/\/estelliance-admin.fr\/#website","url":"https:\/\/estelliance-admin.fr\/","name":"ESTELLIANCE ADMIN","description":"Votre s\u00e9r\u00e9nit\u00e9 administrative commence ici","publisher":{"@id":"https:\/\/estelliance-admin.fr\/#\/schema\/person\/863ed9e1f8de6a656f5a2bb5f06138fe"},"potentialAction":[{"@type":"SearchAction","target":{"@type":"EntryPoint","urlTemplate":"https:\/\/estelliance-admin.fr\/?s={search_term_string}"},"query-input":{"@type":"PropertyValueSpecification","valueRequired":true,"valueName":"search_term_string"}}],"inLanguage":"fr-FR"},{"@type":["Person","Organization"],"@id":"https:\/\/estelliance-admin.fr\/#\/schema\/person\/863ed9e1f8de6a656f5a2bb5f06138fe","name":"secadmin","image":{"@type":"ImageObject","inLanguage":"fr-FR","@id":"https:\/\/estelliance-admin.fr\/#\/schema\/person\/image\/","url":"https:\/\/i0.wp.com\/estelliance-admin.fr\/wp-content\/uploads\/2025\/03\/Ajouter-un-titre.webp?fit=500%2C500&ssl=1","contentUrl":"https:\/\/i0.wp.com\/estelliance-admin.fr\/wp-content\/uploads\/2025\/03\/Ajouter-un-titre.webp?fit=500%2C500&ssl=1","width":500,"height":500,"caption":"secadmin"},"logo":{"@id":"https:\/\/estelliance-admin.fr\/#\/schema\/person\/image\/"},"sameAs":["http:\/\/estelliance-admin.fr"]}]}},"jetpack_sharing_enabled":true,"_links":{"self":[{"href":"https:\/\/estelliance-admin.fr\/index.php\/wp-json\/wp\/v2\/pages\/235","targetHints":{"allow":["GET"]}}],"collection":[{"href":"https:\/\/estelliance-admin.fr\/index.php\/wp-json\/wp\/v2\/pages"}],"about":[{"href":"https:\/\/estelliance-admin.fr\/index.php\/wp-json\/wp\/v2\/types\/page"}],"author":[{"embeddable":true,"href":"https:\/\/estelliance-admin.fr\/index.php\/wp-json\/wp\/v2\/users\/2"}],"replies":[{"embeddable":true,"href":"https:\/\/estelliance-admin.fr\/index.php\/wp-json\/wp\/v2\/comments?post=235"}],"version-history":[{"count":9,"href":"https:\/\/estelliance-admin.fr\/index.php\/wp-json\/wp\/v2\/pages\/235\/revisions"}],"predecessor-version":[{"id":256,"href":"https:\/\/estelliance-admin.fr\/index.php\/wp-json\/wp\/v2\/pages\/235\/revisions\/256"}],"wp:attachment":[{"href":"https:\/\/estelliance-admin.fr\/index.php\/wp-json\/wp\/v2\/media?parent=235"}],"curies":[{"name":"wp","href":"https:\/\/api.w.org\/{rel}","templated":true}]}}