{"id":56,"date":"2025-03-24T16:53:30","date_gmt":"2025-03-24T15:53:30","guid":{"rendered":"https:\/\/estelliance-admin.fr\/?page_id=56"},"modified":"2025-10-21T12:40:25","modified_gmt":"2025-10-21T10:40:25","slug":"accueil","status":"publish","type":"page","link":"https:\/\/estelliance-admin.fr\/","title":{"rendered":"Accueil"},"content":{"rendered":"\n<div class=\"wp-block-cover is-light\"><img data-recalc-dims=\"1\" fetchpriority=\"high\" decoding=\"async\" width=\"1140\" height=\"760\" class=\"wp-block-cover__image-background wp-image-184 size-full\" alt=\"\" src=\"https:\/\/i0.wp.com\/estelliance-admin.fr\/wp-content\/uploads\/2025\/10\/Assistante-independante-secretaire-freelance-.webp?resize=1140%2C760&#038;ssl=1\" data-object-fit=\"cover\" srcset=\"https:\/\/i0.wp.com\/estelliance-admin.fr\/wp-content\/uploads\/2025\/10\/Assistante-independante-secretaire-freelance-.webp?w=1140&amp;ssl=1 1140w, https:\/\/i0.wp.com\/estelliance-admin.fr\/wp-content\/uploads\/2025\/10\/Assistante-independante-secretaire-freelance-.webp?resize=300%2C200&amp;ssl=1 300w, https:\/\/i0.wp.com\/estelliance-admin.fr\/wp-content\/uploads\/2025\/10\/Assistante-independante-secretaire-freelance-.webp?resize=1024%2C683&amp;ssl=1 1024w, https:\/\/i0.wp.com\/estelliance-admin.fr\/wp-content\/uploads\/2025\/10\/Assistante-independante-secretaire-freelance-.webp?resize=768%2C512&amp;ssl=1 768w, https:\/\/i0.wp.com\/estelliance-admin.fr\/wp-content\/uploads\/2025\/10\/Assistante-independante-secretaire-freelance-.webp?resize=930%2C620&amp;ssl=1 930w\" sizes=\"(max-width: 1140px) 100vw, 1140px\" \/><span aria-hidden=\"true\" class=\"wp-block-cover__background has-background-dim\" style=\"background-color:#938986\"><\/span><div class=\"wp-block-cover__inner-container is-layout-constrained wp-block-cover-is-layout-constrained\">\n<h2 class=\"wp-block-heading has-text-align-center has-large-font-size\"><strong><mark style=\"background-color:rgba(0, 0, 0, 0)\" class=\"has-inline-color has-nv-dark-bg-color\">ESTELLIANCE ADMIN<\/mark><\/strong><\/h2>\n\n\n\n<h2 class=\"wp-block-heading has-text-align-center\"><strong><mark style=\"background-color:rgba(0, 0, 0, 0)\" class=\"has-inline-color has-nv-dark-bg-color\">L&rsquo;ART DE LA GESTION ADMINISTRATIVE SUR MESURE<\/mark><\/strong><\/h2>\n<\/div><\/div>\n\n\n\n<h2 class=\"wp-block-heading has-text-align-center\">VOTRE TEMPS EST PRECIEUX :<\/h2>\n\n\n\n<p class=\"has-text-align-center\"><strong><mark style=\"background-color:rgba(0, 0, 0, 0)\" class=\"has-inline-color has-neve-link-hover-color-color\">CONFIEZ L&rsquo;ADMINISTRATIF A UNE PROFESSIONNELLE EXPERIMENTEE<\/mark><\/strong>.<\/p>\n\n\n\n<p class=\"has-text-align-center\"><strong><mark style=\"background-color:rgba(0, 0, 0, 0)\" class=\"has-inline-color has-neve-link-hover-color-color\"><a href=\"https:\/\/assistanteplus.fr\/assistante-salariee-vs-assistante-independante\/\" target=\"_blank\" rel=\"noreferrer noopener\">Assistante administrative ind\u00e9pendante<\/a> &#8211;<\/mark><\/strong> <mark style=\"background-color:rgba(0, 0, 0, 0)\" class=\"has-inline-color has-neve-link-hover-color-color\"><strong>Sur site ou \u00e0 distance, pour vous lib\u00e9rer du temps et l&rsquo;esprit<\/strong><\/mark>.<\/p>\n\n\n\n<h3 class=\"wp-block-heading has-text-align-left\"><strong><mark style=\"background-color:var(--nv-text-dark-bg)\" class=\"has-inline-color has-neve-text-color-color\">Pourquoi choisir Estelliance Admin ?<\/mark><\/strong><\/h3>\n\n\n\n<ul class=\"wp-block-list\">\n<li><strong>Flexibilit\u00e9<\/strong>&nbsp;: une prestation sur mesure, adapt\u00e9e \u00e0 vos besoins, sans engagement.<\/li>\n\n\n\n<li><strong>Optimisation des co\u00fbts<\/strong>&nbsp;: pas de charges salariales, vous ne payez que pour les heures r\u00e9ellement travaill\u00e9es.<\/li>\n\n\n\n<li><strong>Gain de temps<\/strong>&nbsp;: vous vous concentrez sur votre activit\u00e9, pendant que l\u2019administratif est pris en charge.<\/li>\n\n\n\n<li><strong>Expertise et r\u00e9activit\u00e9<\/strong>&nbsp;: plus de 14\u202fans d\u2019exp\u00e9rience, imm\u00e9diatement op\u00e9rationnelle, pour des r\u00e9sultats rapides et fiables.<\/li>\n\n\n\n<li><strong>Bien\u2011\u00eatre personnel<\/strong>&nbsp;: lib\u00e9rez votre agenda et votre esprit pour vous consacrer \u00e0 vos projets et \u00e0 votre vie personnelle.<\/li>\n<\/ul>\n\n\n\n<h3 class=\"wp-block-heading\"><mark style=\"background-color:var(--nv-site-bg)\" class=\"has-inline-color has-neve-text-color-color\">Mon expertise sectorielle<\/mark><\/h3>\n\n\n\n<p><em>Gr\u00e2ce \u00e0 un parcours riche et vari\u00e9, je ma\u00eetrise les rouages de domaines tr\u00e8s diff\u00e9rents\u00a0:<\/em><\/p>\n\n\n\n<ul class=\"wp-block-list\">\n<li>\ud83d\udc34 <strong>Secteur \u00e9quin<\/strong>\u00a0: 7 ans d\u2019exp\u00e9rience dans le domaine agricole \u00e9quin, pour comprendre les contraintes sp\u00e9cifiques de la fili\u00e8re.<\/li>\n\n\n\n<li>\ud83c\udfd7 <strong>Architecture et b\u00e2timent<\/strong>\u00a0: 7 ans dans l\u2019administratif des cabinets d\u2019architectes, pour g\u00e9rer efficacement dossiers et appels d\u2019offres.<\/li>\n\n\n\n<li>\ud83d\ude95 <strong>T\u00e9l\u00e9transmission taxi<\/strong>\u00a0: gestion de la t\u00e9l\u00e9transmission, pour un suivi administratif pr\u00e9cis.<\/li>\n<\/ul>\n\n\n\n<p><mark style=\"background-color:rgba(0, 0, 0, 0)\" class=\"has-inline-color has-neve-link-hover-color-color\"><strong>Cette pluralit\u00e9 garantit une grande adaptabilit\u00e9 et une compr\u00e9hension rapide de vos enjeux.<\/strong><\/mark><\/p>\n\n\n\n<h3 class=\"wp-block-heading\"><mark style=\"background-color:var(--nv-site-bg)\" class=\"has-inline-color has-neve-text-color-color\">Mes prestations<\/mark><\/h3>\n\n\n\n<pre class=\"wp-block-preformatted\"><strong>Gestion administrative<\/strong><br>R\u00e9daction et mise en forme de courriers, devis et contrats, gestion des e-mails et du courrier, classement num\u00e9rique et physique, organisation des plannings et d\u00e9placements\u2026<br>Vous profitez d'une organisation fluide et sans stress.<\/pre>\n\n\n\n<pre class=\"wp-block-preformatted\"><strong>Assistance comptable<\/strong><br>Saisie et suivi des factures, pr\u00e9paration des documents pour l'expert-comptable, suivi de la tr\u00e9sorerie et des \u00e9l\u00e9ments de paie, rapprochements bancaires.<br>Vous contr\u00f4lez mieux vos finances avec un soutien rigoureux.<\/pre>\n\n\n\n<pre class=\"wp-block-preformatted\"><strong>Gestion commerciale<\/strong><br>R\u00e9daction de devis et de factures, relance de paiements et gestion des impay\u00e9s, suivi des commandes et des livraisons, relations clients et fournisseurs.<br>Vous s\u00e9curisez votre activit\u00e9 et renforcez votre relation client\u00e8le.<\/pre>\n\n\n\n<pre class=\"wp-block-preformatted\"><strong>Services \"Plus\"<\/strong><br>R\u00e9ponses aux appels d'offres et suivi administratif, gestion des r\u00e9seaux sociaux et r\u00e9daction de contenu, organisation d'\u00e9v\u00e9nements, ma\u00eetrise de Chorus Pro, cr\u00e9ation de site vitrine\u2026 <em>(liste non exhaustive)<\/em><\/pre>\n\n\n\n<h4 class=\"wp-block-heading\"><mark style=\"background-color:var(--nv-site-bg)\" class=\"has-inline-color has-neve-text-color-color\">Pr\u00eat \u00e0 gagner du temps\u202f?<\/mark><\/h4>\n\n\n\n<p><strong><mark style=\"background-color:rgba(0, 0, 0, 0)\" class=\"has-inline-color has-neve-link-hover-color-color\">Vous souhaitez vous accorder du temps et all\u00e9ger votre charge mentale\u00a0? Parlons\u2011en librement\u00a0: un simple message ne vous engage \u00e0 rien.<\/mark><\/strong><\/p>\n\n\n\n<blockquote class=\"wp-block-quote is-layout-flow wp-block-quote-is-layout-flow\">\n<p class=\"has-text-align-center\">Je mets mon savoir\u2011faire au service de votre entreprise pour que vous puissiez vous consacrer \u00e0 ce qui compte vraiment.<\/p>\n<\/blockquote>\n\n\n\n<div class=\"wp-block-buttons is-layout-flex wp-block-buttons-is-layout-flex\">\n<div class=\"wp-block-button is-style-primary\"><a class=\"wp-block-button__link wp-element-button\" href=\"https:\/\/estelliance-admin.fr\/index.php\/contact\/\" target=\"_blank\" rel=\"noreferrer noopener\">Contactez-Moi<\/a><\/div>\n<\/div>\n","protected":false},"excerpt":{"rendered":"<p>VOTRE TEMPS EST PRECIEUX : CONFIEZ L&rsquo;ADMINISTRATIF A UNE PROFESSIONNELLE EXPERIMENTEE. Assistante administrative ind\u00e9pendante &#8211; Sur site ou \u00e0 distance, pour vous lib\u00e9rer du temps et l&rsquo;esprit. Pourquoi choisir Estelliance Admin ? Mon expertise sectorielle Gr\u00e2ce \u00e0 un parcours riche et vari\u00e9, je ma\u00eetrise les rouages de domaines tr\u00e8s diff\u00e9rents\u00a0: Cette pluralit\u00e9 garantit une grande&hellip;&nbsp;<a href=\"https:\/\/estelliance-admin.fr\/\" rel=\"bookmark\">Lire la suite &raquo;<span class=\"screen-reader-text\">Accueil<\/span><\/a><\/p>\n","protected":false},"author":1,"featured_media":15,"parent":0,"menu_order":0,"comment_status":"closed","ping_status":"closed","template":"","meta":{"neve_meta_sidebar":"","neve_meta_container":"","neve_meta_enable_content_width":"on","neve_meta_content_width":100,"neve_meta_title_alignment":"","neve_meta_author_avatar":"","neve_post_elements_order":"","neve_meta_disable_header":"","neve_meta_disable_footer":"","neve_meta_disable_title":"on","footnotes":""},"class_list":["post-56","page","type-page","status-publish","has-post-thumbnail","hentry"],"yoast_head":"<!-- This site is optimized with the Yoast SEO plugin v26.9 - https:\/\/yoast.com\/product\/yoast-seo-wordpress\/ -->\n<title>Accueil - ESTELLIANCE ADMIN<\/title>\n<meta name=\"description\" content=\"Accueil ESTELLIANCE ADMIN\" \/>\n<meta name=\"robots\" content=\"index, follow, max-snippet:-1, max-image-preview:large, max-video-preview:-1\" \/>\n<link rel=\"canonical\" href=\"https:\/\/estelliance-admin.fr\/\" \/>\n<meta property=\"og:locale\" content=\"fr_FR\" \/>\n<meta property=\"og:type\" content=\"article\" \/>\n<meta property=\"og:title\" content=\"Accueil - ESTELLIANCE ADMIN\" \/>\n<meta property=\"og:description\" content=\"Accueil ESTELLIANCE ADMIN\" \/>\n<meta property=\"og:url\" content=\"https:\/\/estelliance-admin.fr\/\" \/>\n<meta property=\"og:site_name\" content=\"ESTELLIANCE ADMIN\" \/>\n<meta property=\"article:modified_time\" content=\"2025-10-21T10:40:25+00:00\" \/>\n<meta property=\"og:image\" content=\"https:\/\/estelliance-admin.fr\/wp-content\/uploads\/2025\/03\/foto-sito-1-900x600-1.webp\" \/>\n\t<meta property=\"og:image:width\" content=\"900\" \/>\n\t<meta property=\"og:image:height\" content=\"600\" \/>\n\t<meta property=\"og:image:type\" content=\"image\/webp\" \/>\n<meta name=\"twitter:card\" content=\"summary_large_image\" \/>\n<meta name=\"twitter:label1\" content=\"Dur\u00e9e de lecture estim\u00e9e\" \/>\n\t<meta name=\"twitter:data1\" content=\"2 minutes\" \/>\n<script type=\"application\/ld+json\" class=\"yoast-schema-graph\">{\"@context\":\"https:\/\/schema.org\",\"@graph\":[{\"@type\":\"WebPage\",\"@id\":\"https:\/\/estelliance-admin.fr\/\",\"url\":\"https:\/\/estelliance-admin.fr\/\",\"name\":\"Accueil - ESTELLIANCE ADMIN\",\"isPartOf\":{\"@id\":\"https:\/\/estelliance-admin.fr\/#website\"},\"primaryImageOfPage\":{\"@id\":\"https:\/\/estelliance-admin.fr\/#primaryimage\"},\"image\":{\"@id\":\"https:\/\/estelliance-admin.fr\/#primaryimage\"},\"thumbnailUrl\":\"https:\/\/i0.wp.com\/estelliance-admin.fr\/wp-content\/uploads\/2025\/03\/foto-sito-1-900x600-1.webp?fit=900%2C600&ssl=1\",\"datePublished\":\"2025-03-24T15:53:30+00:00\",\"dateModified\":\"2025-10-21T10:40:25+00:00\",\"description\":\"Accueil ESTELLIANCE ADMIN\",\"breadcrumb\":{\"@id\":\"https:\/\/estelliance-admin.fr\/#breadcrumb\"},\"inLanguage\":\"fr-FR\",\"potentialAction\":[{\"@type\":\"ReadAction\",\"target\":[\"https:\/\/estelliance-admin.fr\/\"]}]},{\"@type\":\"ImageObject\",\"inLanguage\":\"fr-FR\",\"@id\":\"https:\/\/estelliance-admin.fr\/#primaryimage\",\"url\":\"https:\/\/i0.wp.com\/estelliance-admin.fr\/wp-content\/uploads\/2025\/03\/foto-sito-1-900x600-1.webp?fit=900%2C600&ssl=1\",\"contentUrl\":\"https:\/\/i0.wp.com\/estelliance-admin.fr\/wp-content\/uploads\/2025\/03\/foto-sito-1-900x600-1.webp?fit=900%2C600&ssl=1\",\"width\":900,\"height\":600,\"caption\":\"Assistante administrative\"},{\"@type\":\"BreadcrumbList\",\"@id\":\"https:\/\/estelliance-admin.fr\/#breadcrumb\",\"itemListElement\":[{\"@type\":\"ListItem\",\"position\":1,\"name\":\"Accueil\",\"item\":\"https:\/\/estelliance-admin.fr\/\"},{\"@type\":\"ListItem\",\"position\":2,\"name\":\"Accueil\"}]},{\"@type\":\"WebSite\",\"@id\":\"https:\/\/estelliance-admin.fr\/#website\",\"url\":\"https:\/\/estelliance-admin.fr\/\",\"name\":\"ESTELLIANCE ADMIN\",\"description\":\"Votre s\u00e9r\u00e9nit\u00e9 administrative commence ici\",\"publisher\":{\"@id\":\"https:\/\/estelliance-admin.fr\/#\/schema\/person\/863ed9e1f8de6a656f5a2bb5f06138fe\"},\"potentialAction\":[{\"@type\":\"SearchAction\",\"target\":{\"@type\":\"EntryPoint\",\"urlTemplate\":\"https:\/\/estelliance-admin.fr\/?s={search_term_string}\"},\"query-input\":{\"@type\":\"PropertyValueSpecification\",\"valueRequired\":true,\"valueName\":\"search_term_string\"}}],\"inLanguage\":\"fr-FR\"},{\"@type\":[\"Person\",\"Organization\"],\"@id\":\"https:\/\/estelliance-admin.fr\/#\/schema\/person\/863ed9e1f8de6a656f5a2bb5f06138fe\",\"name\":\"secadmin\",\"image\":{\"@type\":\"ImageObject\",\"inLanguage\":\"fr-FR\",\"@id\":\"https:\/\/estelliance-admin.fr\/#\/schema\/person\/image\/\",\"url\":\"https:\/\/i0.wp.com\/estelliance-admin.fr\/wp-content\/uploads\/2025\/03\/Ajouter-un-titre.webp?fit=500%2C500&ssl=1\",\"contentUrl\":\"https:\/\/i0.wp.com\/estelliance-admin.fr\/wp-content\/uploads\/2025\/03\/Ajouter-un-titre.webp?fit=500%2C500&ssl=1\",\"width\":500,\"height\":500,\"caption\":\"secadmin\"},\"logo\":{\"@id\":\"https:\/\/estelliance-admin.fr\/#\/schema\/person\/image\/\"},\"sameAs\":[\"http:\/\/estelliance-admin.fr\"]}]}<\/script>\n<!-- \/ Yoast SEO plugin. -->","yoast_head_json":{"title":"Accueil - ESTELLIANCE ADMIN","description":"Accueil ESTELLIANCE ADMIN","robots":{"index":"index","follow":"follow","max-snippet":"max-snippet:-1","max-image-preview":"max-image-preview:large","max-video-preview":"max-video-preview:-1"},"canonical":"https:\/\/estelliance-admin.fr\/","og_locale":"fr_FR","og_type":"article","og_title":"Accueil - ESTELLIANCE ADMIN","og_description":"Accueil ESTELLIANCE ADMIN","og_url":"https:\/\/estelliance-admin.fr\/","og_site_name":"ESTELLIANCE ADMIN","article_modified_time":"2025-10-21T10:40:25+00:00","og_image":[{"width":900,"height":600,"url":"https:\/\/estelliance-admin.fr\/wp-content\/uploads\/2025\/03\/foto-sito-1-900x600-1.webp","type":"image\/webp"}],"twitter_card":"summary_large_image","twitter_misc":{"Dur\u00e9e de lecture estim\u00e9e":"2 minutes"},"schema":{"@context":"https:\/\/schema.org","@graph":[{"@type":"WebPage","@id":"https:\/\/estelliance-admin.fr\/","url":"https:\/\/estelliance-admin.fr\/","name":"Accueil - ESTELLIANCE ADMIN","isPartOf":{"@id":"https:\/\/estelliance-admin.fr\/#website"},"primaryImageOfPage":{"@id":"https:\/\/estelliance-admin.fr\/#primaryimage"},"image":{"@id":"https:\/\/estelliance-admin.fr\/#primaryimage"},"thumbnailUrl":"https:\/\/i0.wp.com\/estelliance-admin.fr\/wp-content\/uploads\/2025\/03\/foto-sito-1-900x600-1.webp?fit=900%2C600&ssl=1","datePublished":"2025-03-24T15:53:30+00:00","dateModified":"2025-10-21T10:40:25+00:00","description":"Accueil ESTELLIANCE ADMIN","breadcrumb":{"@id":"https:\/\/estelliance-admin.fr\/#breadcrumb"},"inLanguage":"fr-FR","potentialAction":[{"@type":"ReadAction","target":["https:\/\/estelliance-admin.fr\/"]}]},{"@type":"ImageObject","inLanguage":"fr-FR","@id":"https:\/\/estelliance-admin.fr\/#primaryimage","url":"https:\/\/i0.wp.com\/estelliance-admin.fr\/wp-content\/uploads\/2025\/03\/foto-sito-1-900x600-1.webp?fit=900%2C600&ssl=1","contentUrl":"https:\/\/i0.wp.com\/estelliance-admin.fr\/wp-content\/uploads\/2025\/03\/foto-sito-1-900x600-1.webp?fit=900%2C600&ssl=1","width":900,"height":600,"caption":"Assistante administrative"},{"@type":"BreadcrumbList","@id":"https:\/\/estelliance-admin.fr\/#breadcrumb","itemListElement":[{"@type":"ListItem","position":1,"name":"Accueil","item":"https:\/\/estelliance-admin.fr\/"},{"@type":"ListItem","position":2,"name":"Accueil"}]},{"@type":"WebSite","@id":"https:\/\/estelliance-admin.fr\/#website","url":"https:\/\/estelliance-admin.fr\/","name":"ESTELLIANCE ADMIN","description":"Votre s\u00e9r\u00e9nit\u00e9 administrative commence ici","publisher":{"@id":"https:\/\/estelliance-admin.fr\/#\/schema\/person\/863ed9e1f8de6a656f5a2bb5f06138fe"},"potentialAction":[{"@type":"SearchAction","target":{"@type":"EntryPoint","urlTemplate":"https:\/\/estelliance-admin.fr\/?s={search_term_string}"},"query-input":{"@type":"PropertyValueSpecification","valueRequired":true,"valueName":"search_term_string"}}],"inLanguage":"fr-FR"},{"@type":["Person","Organization"],"@id":"https:\/\/estelliance-admin.fr\/#\/schema\/person\/863ed9e1f8de6a656f5a2bb5f06138fe","name":"secadmin","image":{"@type":"ImageObject","inLanguage":"fr-FR","@id":"https:\/\/estelliance-admin.fr\/#\/schema\/person\/image\/","url":"https:\/\/i0.wp.com\/estelliance-admin.fr\/wp-content\/uploads\/2025\/03\/Ajouter-un-titre.webp?fit=500%2C500&ssl=1","contentUrl":"https:\/\/i0.wp.com\/estelliance-admin.fr\/wp-content\/uploads\/2025\/03\/Ajouter-un-titre.webp?fit=500%2C500&ssl=1","width":500,"height":500,"caption":"secadmin"},"logo":{"@id":"https:\/\/estelliance-admin.fr\/#\/schema\/person\/image\/"},"sameAs":["http:\/\/estelliance-admin.fr"]}]}},"jetpack_sharing_enabled":true,"_links":{"self":[{"href":"https:\/\/estelliance-admin.fr\/index.php\/wp-json\/wp\/v2\/pages\/56","targetHints":{"allow":["GET"]}}],"collection":[{"href":"https:\/\/estelliance-admin.fr\/index.php\/wp-json\/wp\/v2\/pages"}],"about":[{"href":"https:\/\/estelliance-admin.fr\/index.php\/wp-json\/wp\/v2\/types\/page"}],"author":[{"embeddable":true,"href":"https:\/\/estelliance-admin.fr\/index.php\/wp-json\/wp\/v2\/users\/1"}],"replies":[{"embeddable":true,"href":"https:\/\/estelliance-admin.fr\/index.php\/wp-json\/wp\/v2\/comments?post=56"}],"version-history":[{"count":16,"href":"https:\/\/estelliance-admin.fr\/index.php\/wp-json\/wp\/v2\/pages\/56\/revisions"}],"predecessor-version":[{"id":338,"href":"https:\/\/estelliance-admin.fr\/index.php\/wp-json\/wp\/v2\/pages\/56\/revisions\/338"}],"wp:featuredmedia":[{"embeddable":true,"href":"https:\/\/estelliance-admin.fr\/index.php\/wp-json\/wp\/v2\/media\/15"}],"wp:attachment":[{"href":"https:\/\/estelliance-admin.fr\/index.php\/wp-json\/wp\/v2\/media?parent=56"}],"curies":[{"name":"wp","href":"https:\/\/api.w.org\/{rel}","templated":true}]}}