{"id":57,"date":"2025-03-24T16:53:31","date_gmt":"2025-03-24T15:53:31","guid":{"rendered":"https:\/\/estelliance-admin.fr\/?page_id=57"},"modified":"2025-10-21T12:11:38","modified_gmt":"2025-10-21T10:11:38","slug":"a-propos","status":"publish","type":"page","link":"https:\/\/estelliance-admin.fr\/index.php\/a-propos\/","title":{"rendered":"\u00c0 propos d\u2019Estelliance Admin"},"content":{"rendered":"\n<div class=\"wp-block-cover is-light\"><img fetchpriority=\"high\" decoding=\"async\" width=\"626\" height=\"352\" class=\"wp-block-cover__image-background wp-image-287 size-full\" alt=\"\" src=\"https:\/\/estelliance-admin.fr\/wp-content\/uploads\/2025\/10\/assistante-independante-freelance-occitanie-architecte-tpe-pme-btp-bet-artisan-estelliance-admin.avif\" data-object-fit=\"cover\"\/><span aria-hidden=\"true\" class=\"wp-block-cover__background has-background-dim\" style=\"background-color:#c2c0bc\"><\/span><div class=\"wp-block-cover__inner-container is-layout-constrained wp-block-cover-is-layout-constrained\">\n<p class=\"has-text-align-center has-large-font-size\"><strong><mark style=\"background-color:rgba(0, 0, 0, 0)\" class=\"has-inline-color has-nv-dark-bg-color\">\u00c0 propos d\u2019Estelliance Admin<\/mark><\/strong><\/p>\n<\/div><\/div>\n\n\n\n<div class=\"wp-block-cover alignfull\" style=\"min-height:320px;aspect-ratio:unset;\"><span aria-hidden=\"true\" class=\"wp-block-cover__background has-nv-site-bg-background-color has-background-dim-100 has-background-dim\"><\/span><div class=\"wp-block-cover__inner-container is-layout-flow wp-block-cover-is-layout-flow\">\n<div class=\"wp-block-group\" style=\"padding-right:var(--wp--preset--spacing--30);padding-left:var(--wp--preset--spacing--30)\"><div class=\"wp-block-group__inner-container is-layout-flow wp-block-group-is-layout-flow\">\n<h1 class=\"wp-block-heading has-text-align-left has-neve-text-color-color has-text-color\"><mark style=\"background-color:rgba(0, 0, 0, 0)\" class=\"has-inline-color has-neve-link-hover-color-color\">Faisons connaissance<\/mark><\/h1>\n<\/div><\/div>\n<\/div><\/div>\n\n\n\n<div class=\"wp-block-cover alignfull\" style=\"min-height:600px;aspect-ratio:unset;\"><span aria-hidden=\"true\" class=\"wp-block-cover__background has-nv-light-bg-background-color has-background-dim-100 has-background-dim\"><\/span><div class=\"wp-block-cover__inner-container is-layout-flow wp-block-cover-is-layout-flow\">\n<div class=\"wp-block-group\"><div class=\"wp-block-group__inner-container is-layout-flow wp-block-group-is-layout-flow\">\n<div style=\"height:80px\" aria-hidden=\"true\" class=\"wp-block-spacer\"><\/div>\n\n\n\n<div class=\"wp-block-columns are-vertically-aligned-center has-neve-text-color-color has-text-color is-layout-flex wp-container-core-columns-is-layout-9d6595d7 wp-block-columns-is-layout-flex\">\n<div class=\"wp-block-column is-vertically-aligned-center is-layout-flow wp-block-column-is-layout-flow\" style=\"padding-right:var(--wp--preset--spacing--30);padding-left:var(--wp--preset--spacing--30);flex-basis:50%\">\n<figure class=\"wp-block-image size-full has-custom-border\"><img data-recalc-dims=\"1\" decoding=\"async\" width=\"908\" height=\"1376\" src=\"https:\/\/i0.wp.com\/estelliance-admin.fr\/wp-content\/uploads\/2025\/10\/IMG_4314.webp?resize=908%2C1376&#038;ssl=1\" alt=\"\" class=\"wp-image-182\" style=\"border-radius:16px\" srcset=\"https:\/\/i0.wp.com\/estelliance-admin.fr\/wp-content\/uploads\/2025\/10\/IMG_4314.webp?w=908&amp;ssl=1 908w, https:\/\/i0.wp.com\/estelliance-admin.fr\/wp-content\/uploads\/2025\/10\/IMG_4314.webp?resize=198%2C300&amp;ssl=1 198w, https:\/\/i0.wp.com\/estelliance-admin.fr\/wp-content\/uploads\/2025\/10\/IMG_4314.webp?resize=676%2C1024&amp;ssl=1 676w, https:\/\/i0.wp.com\/estelliance-admin.fr\/wp-content\/uploads\/2025\/10\/IMG_4314.webp?resize=768%2C1164&amp;ssl=1 768w\" sizes=\"(max-width: 908px) 100vw, 908px\" \/><\/figure>\n<\/div>\n\n\n\n<div class=\"wp-block-column is-vertically-aligned-center is-layout-flow wp-block-column-is-layout-flow\" style=\"padding-top:0;padding-right:var(--wp--preset--spacing--30);padding-bottom:0;padding-left:var(--wp--preset--spacing--30);flex-basis:50%\">\n<h2 class=\"wp-block-heading has-neve-text-color-color has-text-color\">\ud83d\udcdd <strong>Pr\u00e9sentation<\/strong><\/h2>\n\n\n\n<p class=\"has-neve-text-color-color has-text-color\"><strong>Estelliance Admin<\/strong> est n\u00e9e de la volont\u00e9 d\u2019apporter aux entreprises une <strong>solution souple, efficace et sur mesure<\/strong> pour la gestion de leurs t\u00e2ches administratives, qu\u2019elles soient ponctuelles ou r\u00e9currentes.<\/p>\n\n\n\n<p class=\"has-neve-text-color-color has-text-color\">Je m\u2019appelle <strong>Estelle BARLOGIS<\/strong>. Forte de <strong>14 ann\u00e9es d\u2019exp\u00e9rience<\/strong>, j\u2019accompagne les professionnels en leur apportant un soutien administratif sur mesure qui va au-del\u00e0 de la simple gestion des t\u00e2ches : <strong>je leur rends du temps<\/strong>, pour qu\u2019ils puissent avancer sereinement dans leur activit\u00e9 <strong>et profiter pleinement de leur vie personnelle<\/strong>.<\/p>\n\n\n\n<p>Je me d\u00e9place <strong>sur site<\/strong> dans un p\u00e9rim\u00e8tre couvrant <strong>Carcassonne \u00e0 Narbonne<\/strong>, et je propose \u00e9galement des prestations <strong>\u00e0 distance<\/strong> pour une flexibilit\u00e9 maximale.<\/p>\n<\/div>\n<\/div>\n\n\n\n<div style=\"height:40px\" aria-hidden=\"true\" class=\"wp-block-spacer\"><\/div>\n<\/div><\/div>\n<\/div><\/div>\n\n\n\n<div class=\"wp-block-cover alignfull\" style=\"min-height:600px;aspect-ratio:unset;\"><span aria-hidden=\"true\" class=\"wp-block-cover__background has-nv-dark-bg-background-color has-background-dim-100 has-background-dim\"><\/span><div class=\"wp-block-cover__inner-container is-layout-flow wp-block-cover-is-layout-flow\">\n<div class=\"wp-block-group\"><div class=\"wp-block-group__inner-container is-layout-flow wp-block-group-is-layout-flow\">\n<div class=\"wp-block-columns are-vertically-aligned-center is-layout-flex wp-container-core-columns-is-layout-9d6595d7 wp-block-columns-is-layout-flex\">\n<div class=\"wp-block-column is-vertically-aligned-center is-layout-flow wp-block-column-is-layout-flow\" style=\"padding-right:var(--wp--preset--spacing--30);padding-left:var(--wp--preset--spacing--30);flex-basis:50%\">\n<h2 class=\"wp-block-heading has-nv-text-dark-bg-color has-text-color\">\ud83c\udfc6 <strong>Mon expertise sectorielle<\/strong><\/h2>\n\n\n\n<p class=\"has-nv-text-dark-bg-color has-text-color\">Forte d\u2019une exp\u00e9rience vari\u00e9e, j\u2019ai d\u00e9velopp\u00e9 des comp\u00e9tences solides dans plusieurs domaines d\u2019activit\u00e9, me permettant de m\u2019adapter facilement aux besoins de chaque client :<\/p>\n\n\n\n<p>\ud83d\udc34 <mark style=\"background-color:rgba(0, 0, 0, 0)\" class=\"has-inline-color has-nv-light-bg-color\"><strong>7 ans dans le secteur <a href=\"https:\/\/estelliance-admin.fr\/index.php\/tarifs-de-mes-prestations-secteur-agricole-equin\/\">agricole \u00e9quin<\/a><\/strong>, avec une parfaite connaissance des sp\u00e9cificit\u00e9s de ce milieu.<\/mark><\/p>\n\n\n\n<p>\ud83c\udfd7 <mark style=\"background-color:rgba(0, 0, 0, 0)\" class=\"has-inline-color has-nv-light-bg-color\"><strong>7 ans dans l\u2019administratif de <a href=\"https:\/\/estelliance-admin.fr\/index.php\/page-assistante-administrative-independante-domaine-architecture-moe\/\">l\u2019architecture \/ MOE<\/a><\/strong>, o\u00f9 la rigueur et la coordination sont essentielles.<\/mark><\/p>\n\n\n\n<p>\ud83d\ude95 <mark style=\"background-color:rgba(0, 0, 0, 0)\" class=\"has-inline-color has-nv-light-bg-color\">Une <strong>exp\u00e9rience compl\u00e9mentaire dans la t\u00e9l\u00e9transmission pour les <a href=\"https:\/\/estelliance-admin.fr\/index.php\/tarifs-de-mes-prestations-secteur-taxis-vsl\/\">taxis<\/a><\/strong>, qui m\u2019a permis d\u2019enrichir mes comp\u00e9tences dans la gestion de d\u00e9marches sp\u00e9cifiques et r\u00e9glement\u00e9es.<\/mark><\/p>\n\n\n\n<div class=\"wp-block-buttons is-layout-flex wp-block-buttons-is-layout-flex\">\n<div class=\"wp-block-button is-style-primary\"><a class=\"wp-block-button__link wp-element-button\" href=\"https:\/\/estelliance-admin.fr\/index.php\/contact\/\">Contactez moi<\/a><\/div>\n<\/div>\n<\/div>\n\n\n\n<div class=\"wp-block-column is-vertically-aligned-center is-layout-flow wp-block-column-is-layout-flow\" style=\"padding-right:var(--wp--preset--spacing--30);padding-left:var(--wp--preset--spacing--30);flex-basis:50%\">\n<figure class=\"wp-block-image size-full has-custom-border\"><img data-recalc-dims=\"1\" decoding=\"async\" src=\"https:\/\/i0.wp.com\/estelliance-admin.fr\/wp-content\/uploads\/2025\/10\/secretaire-independante-agricole-chevaux-taxi-vsl-architecte-moe-btp-bet.png?w=1200&#038;ssl=1\" alt=\"\" class=\"wp-image-202\" style=\"border-radius:16px\"\/><\/figure>\n<\/div>\n<\/div>\n<\/div><\/div>\n<\/div><\/div>\n","protected":false},"excerpt":{"rendered":"","protected":false},"author":1,"featured_media":0,"parent":0,"menu_order":0,"comment_status":"closed","ping_status":"closed","template":"","meta":{"neve_meta_sidebar":"","neve_meta_container":"","neve_meta_enable_content_width":"on","neve_meta_content_width":100,"neve_meta_title_alignment":"","neve_meta_author_avatar":"","neve_post_elements_order":"","neve_meta_disable_header":"","neve_meta_disable_footer":"","neve_meta_disable_title":"on","footnotes":""},"class_list":["post-57","page","type-page","status-publish","hentry"],"yoast_head":"<!-- This site is optimized with the Yoast SEO plugin v26.9 - https:\/\/yoast.com\/product\/yoast-seo-wordpress\/ -->\n<title>\u00c0 propos d\u2019Estelliance Admin - ESTELLIANCE ADMIN<\/title>\n<meta name=\"description\" content=\"\u00c0 propos d\u2019Estelliance Admin ESTELLIANCE ADMIN\" \/>\n<meta name=\"robots\" content=\"index, follow, max-snippet:-1, max-image-preview:large, max-video-preview:-1\" \/>\n<link rel=\"canonical\" href=\"https:\/\/estelliance-admin.fr\/index.php\/a-propos\/\" \/>\n<meta property=\"og:locale\" content=\"fr_FR\" \/>\n<meta property=\"og:type\" content=\"article\" \/>\n<meta property=\"og:title\" content=\"\u00c0 propos d\u2019Estelliance Admin - ESTELLIANCE ADMIN\" \/>\n<meta property=\"og:description\" content=\"\u00c0 propos d\u2019Estelliance Admin ESTELLIANCE ADMIN\" \/>\n<meta property=\"og:url\" content=\"https:\/\/estelliance-admin.fr\/index.php\/a-propos\/\" \/>\n<meta property=\"og:site_name\" content=\"ESTELLIANCE ADMIN\" \/>\n<meta property=\"article:modified_time\" content=\"2025-10-21T10:11:38+00:00\" \/>\n<meta name=\"twitter:card\" content=\"summary_large_image\" \/>\n<meta name=\"twitter:label1\" content=\"Dur\u00e9e de lecture estim\u00e9e\" \/>\n\t<meta name=\"twitter:data1\" content=\"2 minutes\" \/>\n<script type=\"application\/ld+json\" class=\"yoast-schema-graph\">{\"@context\":\"https:\/\/schema.org\",\"@graph\":[{\"@type\":\"WebPage\",\"@id\":\"https:\/\/estelliance-admin.fr\/index.php\/a-propos\/\",\"url\":\"https:\/\/estelliance-admin.fr\/index.php\/a-propos\/\",\"name\":\"\u00c0 propos d\u2019Estelliance Admin - ESTELLIANCE ADMIN\",\"isPartOf\":{\"@id\":\"https:\/\/estelliance-admin.fr\/#website\"},\"primaryImageOfPage\":{\"@id\":\"https:\/\/estelliance-admin.fr\/index.php\/a-propos\/#primaryimage\"},\"image\":{\"@id\":\"https:\/\/estelliance-admin.fr\/index.php\/a-propos\/#primaryimage\"},\"thumbnailUrl\":\"https:\/\/estelliance-admin.fr\/wp-content\/uploads\/2025\/10\/assistante-independante-freelance-occitanie-architecte-tpe-pme-btp-bet-artisan-estelliance-admin.avif\",\"datePublished\":\"2025-03-24T15:53:31+00:00\",\"dateModified\":\"2025-10-21T10:11:38+00:00\",\"description\":\"\u00c0 propos d\u2019Estelliance Admin ESTELLIANCE ADMIN\",\"breadcrumb\":{\"@id\":\"https:\/\/estelliance-admin.fr\/index.php\/a-propos\/#breadcrumb\"},\"inLanguage\":\"fr-FR\",\"potentialAction\":[{\"@type\":\"ReadAction\",\"target\":[\"https:\/\/estelliance-admin.fr\/index.php\/a-propos\/\"]}]},{\"@type\":\"ImageObject\",\"inLanguage\":\"fr-FR\",\"@id\":\"https:\/\/estelliance-admin.fr\/index.php\/a-propos\/#primaryimage\",\"url\":\"https:\/\/estelliance-admin.fr\/wp-content\/uploads\/2025\/10\/assistante-independante-freelance-occitanie-architecte-tpe-pme-btp-bet-artisan-estelliance-admin.avif\",\"contentUrl\":\"https:\/\/estelliance-admin.fr\/wp-content\/uploads\/2025\/10\/assistante-independante-freelance-occitanie-architecte-tpe-pme-btp-bet-artisan-estelliance-admin.avif\",\"width\":626,\"height\":352},{\"@type\":\"BreadcrumbList\",\"@id\":\"https:\/\/estelliance-admin.fr\/index.php\/a-propos\/#breadcrumb\",\"itemListElement\":[{\"@type\":\"ListItem\",\"position\":1,\"name\":\"Accueil\",\"item\":\"https:\/\/estelliance-admin.fr\/\"},{\"@type\":\"ListItem\",\"position\":2,\"name\":\"\u00c0 propos d\u2019Estelliance Admin\"}]},{\"@type\":\"WebSite\",\"@id\":\"https:\/\/estelliance-admin.fr\/#website\",\"url\":\"https:\/\/estelliance-admin.fr\/\",\"name\":\"ESTELLIANCE ADMIN\",\"description\":\"Votre s\u00e9r\u00e9nit\u00e9 administrative commence ici\",\"publisher\":{\"@id\":\"https:\/\/estelliance-admin.fr\/#\/schema\/person\/863ed9e1f8de6a656f5a2bb5f06138fe\"},\"potentialAction\":[{\"@type\":\"SearchAction\",\"target\":{\"@type\":\"EntryPoint\",\"urlTemplate\":\"https:\/\/estelliance-admin.fr\/?s={search_term_string}\"},\"query-input\":{\"@type\":\"PropertyValueSpecification\",\"valueRequired\":true,\"valueName\":\"search_term_string\"}}],\"inLanguage\":\"fr-FR\"},{\"@type\":[\"Person\",\"Organization\"],\"@id\":\"https:\/\/estelliance-admin.fr\/#\/schema\/person\/863ed9e1f8de6a656f5a2bb5f06138fe\",\"name\":\"secadmin\",\"image\":{\"@type\":\"ImageObject\",\"inLanguage\":\"fr-FR\",\"@id\":\"https:\/\/estelliance-admin.fr\/#\/schema\/person\/image\/\",\"url\":\"https:\/\/i0.wp.com\/estelliance-admin.fr\/wp-content\/uploads\/2025\/03\/Ajouter-un-titre.webp?fit=500%2C500&ssl=1\",\"contentUrl\":\"https:\/\/i0.wp.com\/estelliance-admin.fr\/wp-content\/uploads\/2025\/03\/Ajouter-un-titre.webp?fit=500%2C500&ssl=1\",\"width\":500,\"height\":500,\"caption\":\"secadmin\"},\"logo\":{\"@id\":\"https:\/\/estelliance-admin.fr\/#\/schema\/person\/image\/\"},\"sameAs\":[\"http:\/\/estelliance-admin.fr\"]}]}<\/script>\n<!-- \/ Yoast SEO plugin. -->","yoast_head_json":{"title":"\u00c0 propos d\u2019Estelliance Admin - ESTELLIANCE ADMIN","description":"\u00c0 propos d\u2019Estelliance Admin ESTELLIANCE ADMIN","robots":{"index":"index","follow":"follow","max-snippet":"max-snippet:-1","max-image-preview":"max-image-preview:large","max-video-preview":"max-video-preview:-1"},"canonical":"https:\/\/estelliance-admin.fr\/index.php\/a-propos\/","og_locale":"fr_FR","og_type":"article","og_title":"\u00c0 propos d\u2019Estelliance Admin - ESTELLIANCE ADMIN","og_description":"\u00c0 propos d\u2019Estelliance Admin ESTELLIANCE ADMIN","og_url":"https:\/\/estelliance-admin.fr\/index.php\/a-propos\/","og_site_name":"ESTELLIANCE ADMIN","article_modified_time":"2025-10-21T10:11:38+00:00","twitter_card":"summary_large_image","twitter_misc":{"Dur\u00e9e de lecture estim\u00e9e":"2 minutes"},"schema":{"@context":"https:\/\/schema.org","@graph":[{"@type":"WebPage","@id":"https:\/\/estelliance-admin.fr\/index.php\/a-propos\/","url":"https:\/\/estelliance-admin.fr\/index.php\/a-propos\/","name":"\u00c0 propos d\u2019Estelliance Admin - ESTELLIANCE ADMIN","isPartOf":{"@id":"https:\/\/estelliance-admin.fr\/#website"},"primaryImageOfPage":{"@id":"https:\/\/estelliance-admin.fr\/index.php\/a-propos\/#primaryimage"},"image":{"@id":"https:\/\/estelliance-admin.fr\/index.php\/a-propos\/#primaryimage"},"thumbnailUrl":"https:\/\/estelliance-admin.fr\/wp-content\/uploads\/2025\/10\/assistante-independante-freelance-occitanie-architecte-tpe-pme-btp-bet-artisan-estelliance-admin.avif","datePublished":"2025-03-24T15:53:31+00:00","dateModified":"2025-10-21T10:11:38+00:00","description":"\u00c0 propos d\u2019Estelliance Admin ESTELLIANCE ADMIN","breadcrumb":{"@id":"https:\/\/estelliance-admin.fr\/index.php\/a-propos\/#breadcrumb"},"inLanguage":"fr-FR","potentialAction":[{"@type":"ReadAction","target":["https:\/\/estelliance-admin.fr\/index.php\/a-propos\/"]}]},{"@type":"ImageObject","inLanguage":"fr-FR","@id":"https:\/\/estelliance-admin.fr\/index.php\/a-propos\/#primaryimage","url":"https:\/\/estelliance-admin.fr\/wp-content\/uploads\/2025\/10\/assistante-independante-freelance-occitanie-architecte-tpe-pme-btp-bet-artisan-estelliance-admin.avif","contentUrl":"https:\/\/estelliance-admin.fr\/wp-content\/uploads\/2025\/10\/assistante-independante-freelance-occitanie-architecte-tpe-pme-btp-bet-artisan-estelliance-admin.avif","width":626,"height":352},{"@type":"BreadcrumbList","@id":"https:\/\/estelliance-admin.fr\/index.php\/a-propos\/#breadcrumb","itemListElement":[{"@type":"ListItem","position":1,"name":"Accueil","item":"https:\/\/estelliance-admin.fr\/"},{"@type":"ListItem","position":2,"name":"\u00c0 propos d\u2019Estelliance Admin"}]},{"@type":"WebSite","@id":"https:\/\/estelliance-admin.fr\/#website","url":"https:\/\/estelliance-admin.fr\/","name":"ESTELLIANCE ADMIN","description":"Votre s\u00e9r\u00e9nit\u00e9 administrative commence ici","publisher":{"@id":"https:\/\/estelliance-admin.fr\/#\/schema\/person\/863ed9e1f8de6a656f5a2bb5f06138fe"},"potentialAction":[{"@type":"SearchAction","target":{"@type":"EntryPoint","urlTemplate":"https:\/\/estelliance-admin.fr\/?s={search_term_string}"},"query-input":{"@type":"PropertyValueSpecification","valueRequired":true,"valueName":"search_term_string"}}],"inLanguage":"fr-FR"},{"@type":["Person","Organization"],"@id":"https:\/\/estelliance-admin.fr\/#\/schema\/person\/863ed9e1f8de6a656f5a2bb5f06138fe","name":"secadmin","image":{"@type":"ImageObject","inLanguage":"fr-FR","@id":"https:\/\/estelliance-admin.fr\/#\/schema\/person\/image\/","url":"https:\/\/i0.wp.com\/estelliance-admin.fr\/wp-content\/uploads\/2025\/03\/Ajouter-un-titre.webp?fit=500%2C500&ssl=1","contentUrl":"https:\/\/i0.wp.com\/estelliance-admin.fr\/wp-content\/uploads\/2025\/03\/Ajouter-un-titre.webp?fit=500%2C500&ssl=1","width":500,"height":500,"caption":"secadmin"},"logo":{"@id":"https:\/\/estelliance-admin.fr\/#\/schema\/person\/image\/"},"sameAs":["http:\/\/estelliance-admin.fr"]}]}},"jetpack_sharing_enabled":true,"_links":{"self":[{"href":"https:\/\/estelliance-admin.fr\/index.php\/wp-json\/wp\/v2\/pages\/57","targetHints":{"allow":["GET"]}}],"collection":[{"href":"https:\/\/estelliance-admin.fr\/index.php\/wp-json\/wp\/v2\/pages"}],"about":[{"href":"https:\/\/estelliance-admin.fr\/index.php\/wp-json\/wp\/v2\/types\/page"}],"author":[{"embeddable":true,"href":"https:\/\/estelliance-admin.fr\/index.php\/wp-json\/wp\/v2\/users\/1"}],"replies":[{"embeddable":true,"href":"https:\/\/estelliance-admin.fr\/index.php\/wp-json\/wp\/v2\/comments?post=57"}],"version-history":[{"count":15,"href":"https:\/\/estelliance-admin.fr\/index.php\/wp-json\/wp\/v2\/pages\/57\/revisions"}],"predecessor-version":[{"id":290,"href":"https:\/\/estelliance-admin.fr\/index.php\/wp-json\/wp\/v2\/pages\/57\/revisions\/290"}],"wp:attachment":[{"href":"https:\/\/estelliance-admin.fr\/index.php\/wp-json\/wp\/v2\/media?parent=57"}],"curies":[{"name":"wp","href":"https:\/\/api.w.org\/{rel}","templated":true}]}}