{"id":58,"date":"2025-03-24T16:53:31","date_gmt":"2025-03-24T15:53:31","guid":{"rendered":"https:\/\/estelliance-admin.fr\/?page_id=58"},"modified":"2025-10-21T13:15:34","modified_gmt":"2025-10-21T11:15:34","slug":"contact","status":"publish","type":"page","link":"https:\/\/estelliance-admin.fr\/index.php\/contact\/","title":{"rendered":"Contact"},"content":{"rendered":"\n<div class=\"wp-block-cover\"><img data-recalc-dims=\"1\" fetchpriority=\"high\" decoding=\"async\" width=\"1024\" height=\"683\" class=\"wp-block-cover__image-background wp-image-300 size-large\" alt=\"\" src=\"https:\/\/i0.wp.com\/estelliance-admin.fr\/wp-content\/uploads\/2025\/10\/assistante-administrative-independante-gain-de-temps-serenite-externalisation-administrative.webp?resize=1024%2C683&#038;ssl=1\" data-object-fit=\"cover\" srcset=\"https:\/\/i0.wp.com\/estelliance-admin.fr\/wp-content\/uploads\/2025\/10\/assistante-administrative-independante-gain-de-temps-serenite-externalisation-administrative.webp?resize=1024%2C683&amp;ssl=1 1024w, https:\/\/i0.wp.com\/estelliance-admin.fr\/wp-content\/uploads\/2025\/10\/assistante-administrative-independante-gain-de-temps-serenite-externalisation-administrative.webp?resize=300%2C200&amp;ssl=1 300w, https:\/\/i0.wp.com\/estelliance-admin.fr\/wp-content\/uploads\/2025\/10\/assistante-administrative-independante-gain-de-temps-serenite-externalisation-administrative.webp?resize=768%2C512&amp;ssl=1 768w, https:\/\/i0.wp.com\/estelliance-admin.fr\/wp-content\/uploads\/2025\/10\/assistante-administrative-independante-gain-de-temps-serenite-externalisation-administrative.webp?resize=930%2C620&amp;ssl=1 930w, https:\/\/i0.wp.com\/estelliance-admin.fr\/wp-content\/uploads\/2025\/10\/assistante-administrative-independante-gain-de-temps-serenite-externalisation-administrative.webp?w=1500&amp;ssl=1 1500w\" sizes=\"(max-width: 1024px) 100vw, 1024px\" \/><span aria-hidden=\"true\" class=\"wp-block-cover__background has-background-dim\" style=\"background-color:#99785c\"><\/span><div class=\"wp-block-cover__inner-container is-layout-constrained wp-block-cover-is-layout-constrained\">\n<h1 class=\"wp-block-heading has-text-align-center has-large-font-size\">\u00ab\u202fVous avez enfin d\u00e9cid\u00e9 de vous accorder du temps\u202f? Un simple message suffit\u00a0: on discute, et vous restez libre de la suite.\u202f\u00bb<\/h1>\n<\/div><\/div>\n\n\n\n<div class=\"wp-block-columns is-layout-flex wp-container-core-columns-is-layout-9d6595d7 wp-block-columns-is-layout-flex\">\n<div class=\"wp-block-column is-layout-flow wp-block-column-is-layout-flow\">\n<div class=\"wp-block-contact-form-7-contact-form-selector\">\n<div class=\"wpcf7 no-js\" id=\"wpcf7-f196-o1\" lang=\"fr-FR\" dir=\"ltr\" data-wpcf7-id=\"196\">\n<div class=\"screen-reader-response\"><p role=\"status\" aria-live=\"polite\" aria-atomic=\"true\"><\/p> <ul><\/ul><\/div>\n<form action=\"\/index.php\/wp-json\/wp\/v2\/pages\/58#wpcf7-f196-o1\" method=\"post\" class=\"wpcf7-form init\" aria-label=\"Formulaire de contact\" novalidate=\"novalidate\" data-status=\"init\">\n<fieldset class=\"hidden-fields-container\"><input type=\"hidden\" name=\"_wpcf7\" value=\"196\" \/><input type=\"hidden\" name=\"_wpcf7_version\" value=\"6.1.5\" \/><input type=\"hidden\" name=\"_wpcf7_locale\" value=\"fr_FR\" \/><input type=\"hidden\" name=\"_wpcf7_unit_tag\" value=\"wpcf7-f196-o1\" \/><input type=\"hidden\" name=\"_wpcf7_container_post\" value=\"0\" \/><input type=\"hidden\" name=\"_wpcf7_posted_data_hash\" value=\"\" \/>\n<\/fieldset>\n<p><label for=\" namefield \">Votre nom<\/label><br \/>\n<span class=\"wpcf7-form-control-wrap\" data-name=\"votre-nom\"><input size=\"40\" maxlength=\"400\" class=\"wpcf7-form-control wpcf7-text wpcf7-validates-as-required\" aria-required=\"true\" aria-invalid=\"false\" value=\"\" type=\"text\" name=\"votre-nom\" \/><\/span>\n<\/p>\n<p><label> Votre e-mail<br \/>\n<span class=\"wpcf7-form-control-wrap\" data-name=\"your-email\"><input size=\"40\" maxlength=\"400\" class=\"wpcf7-form-control wpcf7-email wpcf7-validates-as-required wpcf7-text wpcf7-validates-as-email\" autocomplete=\"email\" aria-required=\"true\" aria-invalid=\"false\" value=\"\" type=\"email\" name=\"your-email\" \/><\/span> <\/label>\n<\/p>\n<p><label> Objet<br \/>\n<span class=\"wpcf7-form-control-wrap\" data-name=\"your-subject\"><input size=\"40\" maxlength=\"400\" class=\"wpcf7-form-control wpcf7-text wpcf7-validates-as-required\" aria-required=\"true\" aria-invalid=\"false\" value=\"\" type=\"text\" name=\"your-subject\" \/><\/span> <\/label>\n<\/p>\n<p><label> Votre message<br \/>\n<span class=\"wpcf7-form-control-wrap\" data-name=\"your-message\"><textarea cols=\"40\" rows=\"10\" maxlength=\"2000\" class=\"wpcf7-form-control wpcf7-textarea\" aria-invalid=\"false\" name=\"your-message\"><\/textarea><\/span> <\/label>\n<\/p>\n<p><input class=\"wpcf7-form-control wpcf7-submit has-spinner\" type=\"submit\" value=\"Envoyer\" \/>\n<\/p><div class=\"wpcf7-response-output\" aria-hidden=\"true\"><\/div>\n<\/form>\n<\/div>\n<\/div>\n<\/div>\n\n\n\n<div class=\"wp-block-column is-layout-flow wp-block-column-is-layout-flow\">\n<iframe src=\"https:\/\/www.google.com\/maps\/embed?pb=!1m18!1m12!1m3!1d46622.773821306444!2d2.6744342153744536!3d43.08510649708475!2m3!1f0!2f0!3f0!3m2!1i1024!2i768!4f13.1!3m3!1m2!1s0x12b0346b262cc14b%3A0x4078821166d1e20!2s11220%20Saint-Laurent-de-la-Cabrerisse!5e0!3m2!1sfr!2sfr!4v1761043559825!5m2!1sfr!2sfr\" width=\"600\" height=\"450\" style=\"border:0;\" allowfullscreen=\"\" loading=\"lazy\" referrerpolicy=\"no-referrer-when-downgrade\"><\/iframe>\n<\/div>\n<\/div>\n\n\n\n<div class=\"wp-block-cover alignfull\" style=\"min-height:420px;aspect-ratio:unset;\"><span aria-hidden=\"true\" class=\"wp-block-cover__background has-nv-light-bg-background-color has-background-dim-100 has-background-dim\"><\/span><div class=\"wp-block-cover__inner-container is-layout-flow wp-block-cover-is-layout-flow\">\n<div style=\"height:80px\" aria-hidden=\"true\" class=\"wp-block-spacer\"><\/div>\n\n\n\n<div class=\"wp-block-columns is-layout-flex wp-container-core-columns-is-layout-9d6595d7 wp-block-columns-is-layout-flex\">\n<div class=\"wp-block-column ticss-4ce656f1 is-layout-flow wp-block-column-is-layout-flow\" style=\"padding-right:var(--wp--preset--spacing--30);padding-left:var(--wp--preset--spacing--30)\">\n<div class=\"wp-block-group has-nv-site-bg-background-color has-background\" style=\"border-radius:24px\"><div class=\"wp-block-group__inner-container is-layout-flow wp-block-group-is-layout-flow\">\n<div style=\"height:24px\" aria-hidden=\"true\" class=\"wp-block-spacer\"><\/div>\n\n\n<div class=\"wp-block-image icon-style is-style-default\">\n<figure class=\"aligncenter size-full\"><img data-recalc-dims=\"1\" decoding=\"async\" src=\"https:\/\/i0.wp.com\/estelliance-admin.fr\/wp-content\/themes\/neve\/assets\/img\/starter-content\/neve-marketing-icon-7.png?w=1200&#038;ssl=1\" alt=\"\"\/><\/figure>\n<\/div>\n\n\n<div style=\"height:24px\" aria-hidden=\"true\" class=\"wp-block-spacer\"><\/div>\n\n\n\n<h3 class=\"wp-block-heading has-text-align-center has-neve-text-color-color has-text-color\">Appelez-moi<\/h3>\n\n\n\n<p class=\"has-text-align-center has-neve-text-color-color has-text-color\" style=\"font-size:15px\">06.10.18.28.27<\/p>\n\n\n\n<div style=\"height:24px\" aria-hidden=\"true\" class=\"wp-block-spacer\"><\/div>\n<\/div><\/div>\n<\/div>\n\n\n\n<div class=\"wp-block-column ticss-a5b4df29 is-layout-flow wp-block-column-is-layout-flow\" style=\"padding-right:var(--wp--preset--spacing--30);padding-left:var(--wp--preset--spacing--30)\">\n<div class=\"wp-block-group has-nv-site-bg-background-color has-background\" style=\"border-radius:24px\"><div class=\"wp-block-group__inner-container is-layout-flow wp-block-group-is-layout-flow\">\n<div style=\"height:24px\" aria-hidden=\"true\" class=\"wp-block-spacer\"><\/div>\n\n\n<div class=\"wp-block-image icon-style is-style-default\">\n<figure class=\"aligncenter size-full\"><img data-recalc-dims=\"1\" decoding=\"async\" src=\"https:\/\/i0.wp.com\/estelliance-admin.fr\/wp-content\/themes\/neve\/assets\/img\/starter-content\/neve-marketing-icon-6.png?w=1200&#038;ssl=1\" alt=\"\"\/><\/figure>\n<\/div>\n\n\n<div style=\"height:24px\" aria-hidden=\"true\" class=\"wp-block-spacer\"><\/div>\n\n\n\n<h3 class=\"wp-block-heading has-text-align-center has-neve-text-color-color has-text-color\">\ud83d\udccd O\u00f9 me trouver<\/h3>\n\n\n\n<p class=\"has-text-align-center has-neve-text-color-color has-text-color\" style=\"font-size:15px\"><em>J\u2019interviens sur site dans la r\u00e9gion dans un p\u00e9rim\u00e8tre de 40km autour de mon domicile et \u00e0 distance dans toute la France.<\/em><\/p>\n\n\n\n<div style=\"height:24px\" aria-hidden=\"true\" class=\"wp-block-spacer\"><\/div>\n<\/div><\/div>\n<\/div>\n\n\n\n<div class=\"wp-block-column ticss-f6fc7494 is-layout-flow wp-block-column-is-layout-flow\" style=\"padding-right:var(--wp--preset--spacing--30);padding-left:var(--wp--preset--spacing--30)\">\n<div class=\"wp-block-group has-nv-site-bg-background-color has-background\" style=\"border-radius:24px\"><div class=\"wp-block-group__inner-container is-layout-flow wp-block-group-is-layout-flow\">\n<div style=\"height:24px\" aria-hidden=\"true\" class=\"wp-block-spacer\"><\/div>\n\n\n<div class=\"wp-block-image icon-style is-style-default\">\n<figure class=\"aligncenter size-full\"><img data-recalc-dims=\"1\" decoding=\"async\" src=\"https:\/\/i0.wp.com\/estelliance-admin.fr\/wp-content\/themes\/neve\/assets\/img\/starter-content\/neve-marketing-icon-5.png?w=1200&#038;ssl=1\" alt=\"\"\/><\/figure>\n<\/div>\n\n\n<div style=\"height:24px\" aria-hidden=\"true\" class=\"wp-block-spacer\"><\/div>\n\n\n\n<h3 class=\"wp-block-heading has-text-align-center has-neve-text-color-color has-text-color\">Email<\/h3>\n\n\n\n<p class=\"has-text-align-center has-neve-text-color-color has-text-color\" style=\"font-size:15px\">estelle.barlogis@gmail.com<\/p>\n\n\n\n<div style=\"height:24px\" aria-hidden=\"true\" class=\"wp-block-spacer\"><\/div>\n<\/div><\/div>\n<\/div>\n<\/div>\n\n\n\n<div style=\"height:30px\" aria-hidden=\"true\" class=\"wp-block-spacer\"><\/div>\n<\/div><\/div>\n","protected":false},"excerpt":{"rendered":"","protected":false},"author":1,"featured_media":0,"parent":0,"menu_order":0,"comment_status":"closed","ping_status":"closed","template":"","meta":{"neve_meta_sidebar":"","neve_meta_container":"","neve_meta_enable_content_width":"on","neve_meta_content_width":100,"neve_meta_title_alignment":"","neve_meta_author_avatar":"","neve_post_elements_order":"","neve_meta_disable_header":"","neve_meta_disable_footer":"","neve_meta_disable_title":"on","footnotes":""},"class_list":["post-58","page","type-page","status-publish","hentry"],"yoast_head":"<!-- This site is optimized with the Yoast SEO plugin v26.9 - https:\/\/yoast.com\/product\/yoast-seo-wordpress\/ -->\n<title>Contact - ESTELLIANCE ADMIN<\/title>\n<meta name=\"description\" content=\"Contact ESTELLIANCE ADMIN\" \/>\n<meta name=\"robots\" content=\"index, follow, max-snippet:-1, max-image-preview:large, max-video-preview:-1\" \/>\n<link rel=\"canonical\" href=\"https:\/\/estelliance-admin.fr\/index.php\/contact\/\" \/>\n<meta property=\"og:locale\" content=\"fr_FR\" \/>\n<meta property=\"og:type\" content=\"article\" \/>\n<meta property=\"og:title\" content=\"Contact - ESTELLIANCE ADMIN\" \/>\n<meta property=\"og:description\" content=\"Contact ESTELLIANCE ADMIN\" \/>\n<meta property=\"og:url\" content=\"https:\/\/estelliance-admin.fr\/index.php\/contact\/\" \/>\n<meta property=\"og:site_name\" content=\"ESTELLIANCE ADMIN\" \/>\n<meta property=\"article:modified_time\" content=\"2025-10-21T11:15:34+00:00\" \/>\n<meta property=\"og:image\" content=\"https:\/\/estelliance-admin.fr\/wp-content\/uploads\/2025\/10\/assistante-administrative-independante-gain-de-temps-serenite-externalisation-administrative-1024x683.webp\" \/>\n<meta name=\"twitter:card\" content=\"summary_large_image\" \/>\n<meta name=\"twitter:label1\" content=\"Dur\u00e9e de lecture estim\u00e9e\" \/>\n\t<meta name=\"twitter:data1\" content=\"2 minutes\" \/>\n<script type=\"application\/ld+json\" class=\"yoast-schema-graph\">{\"@context\":\"https:\/\/schema.org\",\"@graph\":[{\"@type\":\"WebPage\",\"@id\":\"https:\/\/estelliance-admin.fr\/index.php\/contact\/\",\"url\":\"https:\/\/estelliance-admin.fr\/index.php\/contact\/\",\"name\":\"Contact - ESTELLIANCE ADMIN\",\"isPartOf\":{\"@id\":\"https:\/\/estelliance-admin.fr\/#website\"},\"primaryImageOfPage\":{\"@id\":\"https:\/\/estelliance-admin.fr\/index.php\/contact\/#primaryimage\"},\"image\":{\"@id\":\"https:\/\/estelliance-admin.fr\/index.php\/contact\/#primaryimage\"},\"thumbnailUrl\":\"https:\/\/estelliance-admin.fr\/wp-content\/uploads\/2025\/10\/assistante-administrative-independante-gain-de-temps-serenite-externalisation-administrative-1024x683.webp\",\"datePublished\":\"2025-03-24T15:53:31+00:00\",\"dateModified\":\"2025-10-21T11:15:34+00:00\",\"description\":\"Contact ESTELLIANCE ADMIN\",\"breadcrumb\":{\"@id\":\"https:\/\/estelliance-admin.fr\/index.php\/contact\/#breadcrumb\"},\"inLanguage\":\"fr-FR\",\"potentialAction\":[{\"@type\":\"ReadAction\",\"target\":[\"https:\/\/estelliance-admin.fr\/index.php\/contact\/\"]}]},{\"@type\":\"ImageObject\",\"inLanguage\":\"fr-FR\",\"@id\":\"https:\/\/estelliance-admin.fr\/index.php\/contact\/#primaryimage\",\"url\":\"https:\/\/estelliance-admin.fr\/wp-content\/uploads\/2025\/10\/assistante-administrative-independante-gain-de-temps-serenite-externalisation-administrative-1024x683.webp\",\"contentUrl\":\"https:\/\/estelliance-admin.fr\/wp-content\/uploads\/2025\/10\/assistante-administrative-independante-gain-de-temps-serenite-externalisation-administrative-1024x683.webp\"},{\"@type\":\"BreadcrumbList\",\"@id\":\"https:\/\/estelliance-admin.fr\/index.php\/contact\/#breadcrumb\",\"itemListElement\":[{\"@type\":\"ListItem\",\"position\":1,\"name\":\"Accueil\",\"item\":\"https:\/\/estelliance-admin.fr\/\"},{\"@type\":\"ListItem\",\"position\":2,\"name\":\"Contact\"}]},{\"@type\":\"WebSite\",\"@id\":\"https:\/\/estelliance-admin.fr\/#website\",\"url\":\"https:\/\/estelliance-admin.fr\/\",\"name\":\"ESTELLIANCE ADMIN\",\"description\":\"Votre s\u00e9r\u00e9nit\u00e9 administrative commence ici\",\"publisher\":{\"@id\":\"https:\/\/estelliance-admin.fr\/#\/schema\/person\/863ed9e1f8de6a656f5a2bb5f06138fe\"},\"potentialAction\":[{\"@type\":\"SearchAction\",\"target\":{\"@type\":\"EntryPoint\",\"urlTemplate\":\"https:\/\/estelliance-admin.fr\/?s={search_term_string}\"},\"query-input\":{\"@type\":\"PropertyValueSpecification\",\"valueRequired\":true,\"valueName\":\"search_term_string\"}}],\"inLanguage\":\"fr-FR\"},{\"@type\":[\"Person\",\"Organization\"],\"@id\":\"https:\/\/estelliance-admin.fr\/#\/schema\/person\/863ed9e1f8de6a656f5a2bb5f06138fe\",\"name\":\"secadmin\",\"image\":{\"@type\":\"ImageObject\",\"inLanguage\":\"fr-FR\",\"@id\":\"https:\/\/estelliance-admin.fr\/#\/schema\/person\/image\/\",\"url\":\"https:\/\/i0.wp.com\/estelliance-admin.fr\/wp-content\/uploads\/2025\/03\/Ajouter-un-titre.webp?fit=500%2C500&ssl=1\",\"contentUrl\":\"https:\/\/i0.wp.com\/estelliance-admin.fr\/wp-content\/uploads\/2025\/03\/Ajouter-un-titre.webp?fit=500%2C500&ssl=1\",\"width\":500,\"height\":500,\"caption\":\"secadmin\"},\"logo\":{\"@id\":\"https:\/\/estelliance-admin.fr\/#\/schema\/person\/image\/\"},\"sameAs\":[\"http:\/\/estelliance-admin.fr\"]}]}<\/script>\n<!-- \/ Yoast SEO plugin. -->","yoast_head_json":{"title":"Contact - ESTELLIANCE ADMIN","description":"Contact ESTELLIANCE ADMIN","robots":{"index":"index","follow":"follow","max-snippet":"max-snippet:-1","max-image-preview":"max-image-preview:large","max-video-preview":"max-video-preview:-1"},"canonical":"https:\/\/estelliance-admin.fr\/index.php\/contact\/","og_locale":"fr_FR","og_type":"article","og_title":"Contact - ESTELLIANCE ADMIN","og_description":"Contact ESTELLIANCE ADMIN","og_url":"https:\/\/estelliance-admin.fr\/index.php\/contact\/","og_site_name":"ESTELLIANCE ADMIN","article_modified_time":"2025-10-21T11:15:34+00:00","og_image":[{"url":"https:\/\/estelliance-admin.fr\/wp-content\/uploads\/2025\/10\/assistante-administrative-independante-gain-de-temps-serenite-externalisation-administrative-1024x683.webp","type":"","width":"","height":""}],"twitter_card":"summary_large_image","twitter_misc":{"Dur\u00e9e de lecture estim\u00e9e":"2 minutes"},"schema":{"@context":"https:\/\/schema.org","@graph":[{"@type":"WebPage","@id":"https:\/\/estelliance-admin.fr\/index.php\/contact\/","url":"https:\/\/estelliance-admin.fr\/index.php\/contact\/","name":"Contact - ESTELLIANCE ADMIN","isPartOf":{"@id":"https:\/\/estelliance-admin.fr\/#website"},"primaryImageOfPage":{"@id":"https:\/\/estelliance-admin.fr\/index.php\/contact\/#primaryimage"},"image":{"@id":"https:\/\/estelliance-admin.fr\/index.php\/contact\/#primaryimage"},"thumbnailUrl":"https:\/\/estelliance-admin.fr\/wp-content\/uploads\/2025\/10\/assistante-administrative-independante-gain-de-temps-serenite-externalisation-administrative-1024x683.webp","datePublished":"2025-03-24T15:53:31+00:00","dateModified":"2025-10-21T11:15:34+00:00","description":"Contact ESTELLIANCE ADMIN","breadcrumb":{"@id":"https:\/\/estelliance-admin.fr\/index.php\/contact\/#breadcrumb"},"inLanguage":"fr-FR","potentialAction":[{"@type":"ReadAction","target":["https:\/\/estelliance-admin.fr\/index.php\/contact\/"]}]},{"@type":"ImageObject","inLanguage":"fr-FR","@id":"https:\/\/estelliance-admin.fr\/index.php\/contact\/#primaryimage","url":"https:\/\/estelliance-admin.fr\/wp-content\/uploads\/2025\/10\/assistante-administrative-independante-gain-de-temps-serenite-externalisation-administrative-1024x683.webp","contentUrl":"https:\/\/estelliance-admin.fr\/wp-content\/uploads\/2025\/10\/assistante-administrative-independante-gain-de-temps-serenite-externalisation-administrative-1024x683.webp"},{"@type":"BreadcrumbList","@id":"https:\/\/estelliance-admin.fr\/index.php\/contact\/#breadcrumb","itemListElement":[{"@type":"ListItem","position":1,"name":"Accueil","item":"https:\/\/estelliance-admin.fr\/"},{"@type":"ListItem","position":2,"name":"Contact"}]},{"@type":"WebSite","@id":"https:\/\/estelliance-admin.fr\/#website","url":"https:\/\/estelliance-admin.fr\/","name":"ESTELLIANCE ADMIN","description":"Votre s\u00e9r\u00e9nit\u00e9 administrative commence ici","publisher":{"@id":"https:\/\/estelliance-admin.fr\/#\/schema\/person\/863ed9e1f8de6a656f5a2bb5f06138fe"},"potentialAction":[{"@type":"SearchAction","target":{"@type":"EntryPoint","urlTemplate":"https:\/\/estelliance-admin.fr\/?s={search_term_string}"},"query-input":{"@type":"PropertyValueSpecification","valueRequired":true,"valueName":"search_term_string"}}],"inLanguage":"fr-FR"},{"@type":["Person","Organization"],"@id":"https:\/\/estelliance-admin.fr\/#\/schema\/person\/863ed9e1f8de6a656f5a2bb5f06138fe","name":"secadmin","image":{"@type":"ImageObject","inLanguage":"fr-FR","@id":"https:\/\/estelliance-admin.fr\/#\/schema\/person\/image\/","url":"https:\/\/i0.wp.com\/estelliance-admin.fr\/wp-content\/uploads\/2025\/03\/Ajouter-un-titre.webp?fit=500%2C500&ssl=1","contentUrl":"https:\/\/i0.wp.com\/estelliance-admin.fr\/wp-content\/uploads\/2025\/03\/Ajouter-un-titre.webp?fit=500%2C500&ssl=1","width":500,"height":500,"caption":"secadmin"},"logo":{"@id":"https:\/\/estelliance-admin.fr\/#\/schema\/person\/image\/"},"sameAs":["http:\/\/estelliance-admin.fr"]}]}},"jetpack_sharing_enabled":true,"_links":{"self":[{"href":"https:\/\/estelliance-admin.fr\/index.php\/wp-json\/wp\/v2\/pages\/58","targetHints":{"allow":["GET"]}}],"collection":[{"href":"https:\/\/estelliance-admin.fr\/index.php\/wp-json\/wp\/v2\/pages"}],"about":[{"href":"https:\/\/estelliance-admin.fr\/index.php\/wp-json\/wp\/v2\/types\/page"}],"author":[{"embeddable":true,"href":"https:\/\/estelliance-admin.fr\/index.php\/wp-json\/wp\/v2\/users\/1"}],"replies":[{"embeddable":true,"href":"https:\/\/estelliance-admin.fr\/index.php\/wp-json\/wp\/v2\/comments?post=58"}],"version-history":[{"count":9,"href":"https:\/\/estelliance-admin.fr\/index.php\/wp-json\/wp\/v2\/pages\/58\/revisions"}],"predecessor-version":[{"id":302,"href":"https:\/\/estelliance-admin.fr\/index.php\/wp-json\/wp\/v2\/pages\/58\/revisions\/302"}],"wp:attachment":[{"href":"https:\/\/estelliance-admin.fr\/index.php\/wp-json\/wp\/v2\/media?parent=58"}],"curies":[{"name":"wp","href":"https:\/\/api.w.org\/{rel}","templated":true}]}}