{"id":98,"date":"2025-03-27T17:57:37","date_gmt":"2025-03-27T16:57:37","guid":{"rendered":"https:\/\/estelliance-admin.fr\/?page_id=98"},"modified":"2025-10-21T14:38:43","modified_gmt":"2025-10-21T12:38:43","slug":"page-assistante-administrative-independante-domaine-architecture-moe","status":"publish","type":"page","link":"https:\/\/estelliance-admin.fr\/index.php\/page-assistante-administrative-independante-domaine-architecture-moe\/","title":{"rendered":"TARIFS SECTEUR ARCHITECTES &amp; MOE"},"content":{"rendered":"\n<div class=\"wp-block-cover is-light is-layout-constrained wp-block-cover-is-layout-constrained\"><img fetchpriority=\"high\" decoding=\"async\" width=\"360\" height=\"240\" class=\"wp-block-cover__image-background wp-image-326 size-full\" alt=\"\" src=\"https:\/\/estelliance-admin.fr\/wp-content\/uploads\/2025\/10\/dessins-construction-architecturaux-torsades-rouleau-projets-construction-Plan-architecte-gestion-administrative.avif\" data-object-fit=\"cover\"\/><span aria-hidden=\"true\" class=\"wp-block-cover__background has-background-dim\" style=\"background-color:#d8d9db\"><\/span><div class=\"wp-block-cover__inner-container\"><\/div><\/div>\n\n\n\n<h3 class=\"wp-block-heading\"><strong><mark style=\"background-color:var(--nv-site-bg)\" class=\"has-inline-color\"><strong><strong><mark style=\"background-color:var(--nv-site-bg)\" class=\"has-inline-color\">Prestations Administratives G\u00e9n\u00e9rales<\/mark><\/strong><\/strong><\/mark><\/strong><\/h3>\n\n\n\n<figure class=\"wp-block-table is-style-stripes\"><table class=\"has-fixed-layout\"><tbody><tr><td><strong><mark style=\"background-color:rgba(0, 0, 0, 0)\" class=\"has-inline-color has-neve-link-hover-color-color\">PRESTATION<\/mark><\/strong><\/td><td class=\"has-text-align-center\" data-align=\"center\"><strong><mark style=\"background-color:rgba(0, 0, 0, 0)\" class=\"has-inline-color has-neve-link-hover-color-color\">TARIF HORAIRE<\/mark><\/strong><\/td><\/tr><tr><td>\u2705 <strong>Dossiers d&rsquo;appels d&rsquo;offres<\/strong> (y compris d\u00e9p\u00f4t)<\/td><td class=\"has-text-align-center\" data-align=\"center\">40 \u20ac<\/td><\/tr><tr><td>\u2705 <strong>Dossiers<\/strong> <strong>concours<\/strong> (y compris d\u00e9p\u00f4t)<\/td><td class=\"has-text-align-center\" data-align=\"center\">50 \u20ac<\/td><\/tr><tr><td>\u2705 <strong>R\u00e9alisation des certificats de paiement &amp; notes d\u2019honoraires<\/strong><\/td><td class=\"has-text-align-center\" data-align=\"center\">50 \u20ac<\/td><\/tr><tr><td>\u2705 <strong>Transmission via Chorus, plateformes MOA, ou par mail<\/strong><\/td><td class=\"has-text-align-center\" data-align=\"center\">Inclus<\/td><\/tr><tr><td>\u2705 <strong>Mise \u00e0 jour des documents administratifs<\/strong> (URSSAF, Ordre, TVA, attestations fiscales et sociales, etc.)<\/td><td class=\"has-text-align-center\" data-align=\"center\">35 \u20ac<\/td><\/tr><tr><td>\u2705 <strong>Pr\u00e9paration &amp; d\u00e9claration MAF (assurance d\u00e9cennale)<\/strong><\/td><td class=\"has-text-align-center\" data-align=\"center\">55 \u20ac<\/td><\/tr><tr><td>\u2705 <strong>Mise en place \/ renouvellement de la signature \u00e9lectronique<\/strong><\/td><td class=\"has-text-align-center\" data-align=\"center\">40 \u20ac<\/td><\/tr><tr><td>\u2705 <strong>R\u00e9daction des pi\u00e8ces EXE (Ordres de service, avenants, OS)<\/strong><\/td><td class=\"has-text-align-center\" data-align=\"center\">40 \u20ac<\/td><\/tr><tr><td>\u2705 <strong>V\u00e9rification DPGF (RAO)<\/strong><\/td><td class=\"has-text-align-center\" data-align=\"center\">40 \u20ac<\/td><\/tr><tr><td>\u2705 <strong>Pr\u00e9paration des \u00e9l\u00e9ments comptables (TVA, bilan)<\/strong><\/td><td class=\"has-text-align-center\" data-align=\"center\">40 \u20ac<\/td><\/tr><tr><td>\u2705 <strong>Rapprochements bancaires &amp; suivi de tr\u00e9sorerie<\/strong><\/td><td class=\"has-text-align-center\" data-align=\"center\">40 \u20ac<\/td><\/tr><tr><td>\u2705 <strong>Relances clients &amp; suivi des encaissements<\/strong><\/td><td class=\"has-text-align-center\" data-align=\"center\">40 \u20ac<\/td><\/tr><\/tbody><\/table><\/figure>\n\n\n\n<p><em>LISTE NON EXHAUSTIVE<\/em><\/p>\n\n\n\n<h3 class=\"wp-block-heading\"><strong><mark style=\"background-color:var(--nv-site-bg)\" class=\"has-inline-color\">FORMULES FORFAITAIRES &#8211; SUR MESURE<\/mark><\/strong><\/h3>\n\n\n\n<figure class=\"wp-block-table\"><table class=\"has-fixed-layout\"><tbody><tr><td><strong><mark style=\"background-color:rgba(0, 0, 0, 0)\" class=\"has-inline-color has-neve-link-hover-color-color\">FORFAIT<\/mark><\/strong><\/td><td class=\"has-text-align-center\" data-align=\"center\"><strong><mark style=\"background-color:rgba(0, 0, 0, 0)\" class=\"has-inline-color has-neve-link-hover-color-color\">HEURES INCLUSES \/ MOIS<\/mark><\/strong><\/td><td class=\"has-text-align-center\" data-align=\"center\"><mark style=\"background-color:rgba(0, 0, 0, 0)\" class=\"has-inline-color has-neve-link-hover-color-color\"><strong>TARIF<\/strong> <strong>MENSUEL<\/strong><\/mark><\/td><\/tr><tr><td>\ud83d\udcbc <strong>Essentiel<\/strong><\/td><td class=\"has-text-align-center\" data-align=\"center\">10 h <\/td><td class=\"has-text-align-center\" data-align=\"center\">400 \u20ac<\/td><\/tr><tr><td>\ud83d\udcbc <strong>Pro<\/strong><\/td><td class=\"has-text-align-center\" data-align=\"center\">18 h<\/td><td class=\"has-text-align-center\" data-align=\"center\">700 \u20ac<\/td><\/tr><tr><td>\ud83d\udcbc <strong>Premium<\/strong><\/td><td class=\"has-text-align-center\" data-align=\"center\">28 h<\/td><td class=\"has-text-align-center\" data-align=\"center\">1 050 \u20ac<\/td><\/tr><tr><td>\ud83d\udcbc <strong>Sur-mesure<\/strong><\/td><td class=\"has-text-align-center\" data-align=\"center\">30 h+<\/td><td class=\"has-text-align-center\" data-align=\"center\">Sur devis<\/td><\/tr><\/tbody><\/table><\/figure>\n\n\n\n<h4 class=\"wp-block-heading\"><strong><mark style=\"background-color:var(--nv-site-bg)\" class=\"has-inline-color\"><strong><mark style=\"background-color:var(--nv-site-bg)\" class=\"has-inline-color\">\u26a0\ufe0f <strong>Conditions<\/strong><\/mark><\/strong><\/mark><\/strong><\/h4>\n\n\n\n<ul class=\"wp-block-list\">\n<li>Urgence sous 48h \/ jours f\u00e9ri\u00e9s \/ week-end : <strong>+25%<\/strong><\/li>\n\n\n\n<li>Intervention possible sur site (frais en sus selon distance)<\/li>\n\n\n\n<li>Engagement : <strong>sans dur\u00e9e minimale<\/strong>, prestations \u00e0 la demande ou mensuelles<\/li>\n<\/ul>\n\n\n\n<h4 class=\"wp-block-heading\">\ud83d\udca1 <strong>Informations utiles<\/strong><\/h4>\n\n\n\n<ul class=\"wp-block-list\">\n<li>Prestations <strong>sur mesure<\/strong>, sans engagement de dur\u00e9e.<\/li>\n\n\n\n<li>Facturation mensuelle ou au projet, selon le besoin.<\/li>\n\n\n\n<li>Interventions <strong>\u00e0 distance<\/strong> ou <strong>sur site<\/strong> (selon localisation).<\/li>\n\n\n\n<li>Devis gratuit et personnalis\u00e9 \u00e0 la demande.<\/li>\n<\/ul>\n\n\n\n<p>\ud83d\udc47 <strong>Vous souhaitez vous lib\u00e9rer du temps et d\u00e9l\u00e9guer en toute confiance ?<\/strong><\/p>\n\n\n\n<div class=\"wp-block-buttons is-layout-flex wp-block-buttons-is-layout-flex\">\n<div class=\"wp-block-button is-style-primary\"><a class=\"wp-block-button__link wp-element-button\" href=\"https:\/\/estelliance-admin.fr\/index.php\/contact\/\" target=\"_blank\" rel=\"noreferrer noopener\">Contactez-moi<\/a><\/div>\n<\/div>\n","protected":false},"excerpt":{"rendered":"<p>Prestations Administratives G\u00e9n\u00e9rales PRESTATION TARIF HORAIRE \u2705 Dossiers d&rsquo;appels d&rsquo;offres (y compris d\u00e9p\u00f4t) 40 \u20ac \u2705 Dossiers concours (y compris d\u00e9p\u00f4t) 50 \u20ac \u2705 R\u00e9alisation des certificats de paiement &amp; notes d\u2019honoraires 50 \u20ac \u2705 Transmission via Chorus, plateformes MOA, ou par mail Inclus \u2705 Mise \u00e0 jour des documents administratifs (URSSAF, Ordre, TVA, attestations&hellip;&nbsp;<a href=\"https:\/\/estelliance-admin.fr\/index.php\/page-assistante-administrative-independante-domaine-architecture-moe\/\" rel=\"bookmark\">Lire la suite &raquo;<span class=\"screen-reader-text\">TARIFS SECTEUR ARCHITECTES &amp; MOE<\/span><\/a><\/p>\n","protected":false},"author":1,"featured_media":0,"parent":0,"menu_order":0,"comment_status":"closed","ping_status":"closed","template":"","meta":{"neve_meta_sidebar":"","neve_meta_container":"","neve_meta_enable_content_width":"","neve_meta_content_width":0,"neve_meta_title_alignment":"","neve_meta_author_avatar":"","neve_post_elements_order":"","neve_meta_disable_header":"","neve_meta_disable_footer":"","neve_meta_disable_title":"","footnotes":""},"class_list":["post-98","page","type-page","status-publish","hentry"],"yoast_head":"<!-- This site is optimized with the Yoast SEO plugin v26.9 - https:\/\/yoast.com\/product\/yoast-seo-wordpress\/ -->\n<title>TARIFS SECTEUR ARCHITECTES &amp; MOE - ESTELLIANCE ADMIN<\/title>\n<meta name=\"description\" content=\"TARIFS SECTEUR ARCHITECTES &amp; MOE ESTELLIANCE ADMIN\" \/>\n<meta name=\"robots\" content=\"index, follow, max-snippet:-1, max-image-preview:large, max-video-preview:-1\" \/>\n<link rel=\"canonical\" href=\"https:\/\/estelliance-admin.fr\/index.php\/page-assistante-administrative-independante-domaine-architecture-moe\/\" \/>\n<meta property=\"og:locale\" content=\"fr_FR\" \/>\n<meta property=\"og:type\" content=\"article\" \/>\n<meta property=\"og:title\" content=\"TARIFS SECTEUR ARCHITECTES &amp; MOE - ESTELLIANCE ADMIN\" \/>\n<meta property=\"og:description\" content=\"TARIFS SECTEUR ARCHITECTES &amp; MOE ESTELLIANCE ADMIN\" \/>\n<meta property=\"og:url\" content=\"https:\/\/estelliance-admin.fr\/index.php\/page-assistante-administrative-independante-domaine-architecture-moe\/\" \/>\n<meta property=\"og:site_name\" content=\"ESTELLIANCE ADMIN\" \/>\n<meta property=\"article:modified_time\" content=\"2025-10-21T12:38:43+00:00\" \/>\n<meta name=\"twitter:card\" content=\"summary_large_image\" \/>\n<meta name=\"twitter:label1\" content=\"Dur\u00e9e de lecture estim\u00e9e\" \/>\n\t<meta name=\"twitter:data1\" content=\"2 minutes\" \/>\n<script type=\"application\/ld+json\" class=\"yoast-schema-graph\">{\"@context\":\"https:\/\/schema.org\",\"@graph\":[{\"@type\":\"WebPage\",\"@id\":\"https:\/\/estelliance-admin.fr\/index.php\/page-assistante-administrative-independante-domaine-architecture-moe\/\",\"url\":\"https:\/\/estelliance-admin.fr\/index.php\/page-assistante-administrative-independante-domaine-architecture-moe\/\",\"name\":\"TARIFS SECTEUR ARCHITECTES &amp; MOE - ESTELLIANCE ADMIN\",\"isPartOf\":{\"@id\":\"https:\/\/estelliance-admin.fr\/#website\"},\"primaryImageOfPage\":{\"@id\":\"https:\/\/estelliance-admin.fr\/index.php\/page-assistante-administrative-independante-domaine-architecture-moe\/#primaryimage\"},\"image\":{\"@id\":\"https:\/\/estelliance-admin.fr\/index.php\/page-assistante-administrative-independante-domaine-architecture-moe\/#primaryimage\"},\"thumbnailUrl\":\"https:\/\/estelliance-admin.fr\/wp-content\/uploads\/2025\/10\/dessins-construction-architecturaux-torsades-rouleau-projets-construction-Plan-architecte-gestion-administrative.avif\",\"datePublished\":\"2025-03-27T16:57:37+00:00\",\"dateModified\":\"2025-10-21T12:38:43+00:00\",\"description\":\"TARIFS SECTEUR ARCHITECTES &amp; MOE ESTELLIANCE ADMIN\",\"breadcrumb\":{\"@id\":\"https:\/\/estelliance-admin.fr\/index.php\/page-assistante-administrative-independante-domaine-architecture-moe\/#breadcrumb\"},\"inLanguage\":\"fr-FR\",\"potentialAction\":[{\"@type\":\"ReadAction\",\"target\":[\"https:\/\/estelliance-admin.fr\/index.php\/page-assistante-administrative-independante-domaine-architecture-moe\/\"]}]},{\"@type\":\"ImageObject\",\"inLanguage\":\"fr-FR\",\"@id\":\"https:\/\/estelliance-admin.fr\/index.php\/page-assistante-administrative-independante-domaine-architecture-moe\/#primaryimage\",\"url\":\"https:\/\/estelliance-admin.fr\/wp-content\/uploads\/2025\/10\/dessins-construction-architecturaux-torsades-rouleau-projets-construction-Plan-architecte-gestion-administrative.avif\",\"contentUrl\":\"https:\/\/estelliance-admin.fr\/wp-content\/uploads\/2025\/10\/dessins-construction-architecturaux-torsades-rouleau-projets-construction-Plan-architecte-gestion-administrative.avif\",\"width\":360,\"height\":240},{\"@type\":\"BreadcrumbList\",\"@id\":\"https:\/\/estelliance-admin.fr\/index.php\/page-assistante-administrative-independante-domaine-architecture-moe\/#breadcrumb\",\"itemListElement\":[{\"@type\":\"ListItem\",\"position\":1,\"name\":\"Accueil\",\"item\":\"https:\/\/estelliance-admin.fr\/\"},{\"@type\":\"ListItem\",\"position\":2,\"name\":\"TARIFS SECTEUR ARCHITECTES &amp; MOE\"}]},{\"@type\":\"WebSite\",\"@id\":\"https:\/\/estelliance-admin.fr\/#website\",\"url\":\"https:\/\/estelliance-admin.fr\/\",\"name\":\"ESTELLIANCE ADMIN\",\"description\":\"Votre s\u00e9r\u00e9nit\u00e9 administrative commence ici\",\"publisher\":{\"@id\":\"https:\/\/estelliance-admin.fr\/#\/schema\/person\/863ed9e1f8de6a656f5a2bb5f06138fe\"},\"potentialAction\":[{\"@type\":\"SearchAction\",\"target\":{\"@type\":\"EntryPoint\",\"urlTemplate\":\"https:\/\/estelliance-admin.fr\/?s={search_term_string}\"},\"query-input\":{\"@type\":\"PropertyValueSpecification\",\"valueRequired\":true,\"valueName\":\"search_term_string\"}}],\"inLanguage\":\"fr-FR\"},{\"@type\":[\"Person\",\"Organization\"],\"@id\":\"https:\/\/estelliance-admin.fr\/#\/schema\/person\/863ed9e1f8de6a656f5a2bb5f06138fe\",\"name\":\"secadmin\",\"image\":{\"@type\":\"ImageObject\",\"inLanguage\":\"fr-FR\",\"@id\":\"https:\/\/estelliance-admin.fr\/#\/schema\/person\/image\/\",\"url\":\"https:\/\/i0.wp.com\/estelliance-admin.fr\/wp-content\/uploads\/2025\/03\/Ajouter-un-titre.webp?fit=500%2C500&ssl=1\",\"contentUrl\":\"https:\/\/i0.wp.com\/estelliance-admin.fr\/wp-content\/uploads\/2025\/03\/Ajouter-un-titre.webp?fit=500%2C500&ssl=1\",\"width\":500,\"height\":500,\"caption\":\"secadmin\"},\"logo\":{\"@id\":\"https:\/\/estelliance-admin.fr\/#\/schema\/person\/image\/\"},\"sameAs\":[\"http:\/\/estelliance-admin.fr\"]}]}<\/script>\n<!-- \/ Yoast SEO plugin. -->","yoast_head_json":{"title":"TARIFS SECTEUR ARCHITECTES &amp; MOE - ESTELLIANCE ADMIN","description":"TARIFS SECTEUR ARCHITECTES &amp; MOE ESTELLIANCE ADMIN","robots":{"index":"index","follow":"follow","max-snippet":"max-snippet:-1","max-image-preview":"max-image-preview:large","max-video-preview":"max-video-preview:-1"},"canonical":"https:\/\/estelliance-admin.fr\/index.php\/page-assistante-administrative-independante-domaine-architecture-moe\/","og_locale":"fr_FR","og_type":"article","og_title":"TARIFS SECTEUR ARCHITECTES &amp; MOE - ESTELLIANCE ADMIN","og_description":"TARIFS SECTEUR ARCHITECTES &amp; MOE ESTELLIANCE ADMIN","og_url":"https:\/\/estelliance-admin.fr\/index.php\/page-assistante-administrative-independante-domaine-architecture-moe\/","og_site_name":"ESTELLIANCE ADMIN","article_modified_time":"2025-10-21T12:38:43+00:00","twitter_card":"summary_large_image","twitter_misc":{"Dur\u00e9e de lecture estim\u00e9e":"2 minutes"},"schema":{"@context":"https:\/\/schema.org","@graph":[{"@type":"WebPage","@id":"https:\/\/estelliance-admin.fr\/index.php\/page-assistante-administrative-independante-domaine-architecture-moe\/","url":"https:\/\/estelliance-admin.fr\/index.php\/page-assistante-administrative-independante-domaine-architecture-moe\/","name":"TARIFS SECTEUR ARCHITECTES &amp; MOE - ESTELLIANCE ADMIN","isPartOf":{"@id":"https:\/\/estelliance-admin.fr\/#website"},"primaryImageOfPage":{"@id":"https:\/\/estelliance-admin.fr\/index.php\/page-assistante-administrative-independante-domaine-architecture-moe\/#primaryimage"},"image":{"@id":"https:\/\/estelliance-admin.fr\/index.php\/page-assistante-administrative-independante-domaine-architecture-moe\/#primaryimage"},"thumbnailUrl":"https:\/\/estelliance-admin.fr\/wp-content\/uploads\/2025\/10\/dessins-construction-architecturaux-torsades-rouleau-projets-construction-Plan-architecte-gestion-administrative.avif","datePublished":"2025-03-27T16:57:37+00:00","dateModified":"2025-10-21T12:38:43+00:00","description":"TARIFS SECTEUR ARCHITECTES &amp; MOE ESTELLIANCE ADMIN","breadcrumb":{"@id":"https:\/\/estelliance-admin.fr\/index.php\/page-assistante-administrative-independante-domaine-architecture-moe\/#breadcrumb"},"inLanguage":"fr-FR","potentialAction":[{"@type":"ReadAction","target":["https:\/\/estelliance-admin.fr\/index.php\/page-assistante-administrative-independante-domaine-architecture-moe\/"]}]},{"@type":"ImageObject","inLanguage":"fr-FR","@id":"https:\/\/estelliance-admin.fr\/index.php\/page-assistante-administrative-independante-domaine-architecture-moe\/#primaryimage","url":"https:\/\/estelliance-admin.fr\/wp-content\/uploads\/2025\/10\/dessins-construction-architecturaux-torsades-rouleau-projets-construction-Plan-architecte-gestion-administrative.avif","contentUrl":"https:\/\/estelliance-admin.fr\/wp-content\/uploads\/2025\/10\/dessins-construction-architecturaux-torsades-rouleau-projets-construction-Plan-architecte-gestion-administrative.avif","width":360,"height":240},{"@type":"BreadcrumbList","@id":"https:\/\/estelliance-admin.fr\/index.php\/page-assistante-administrative-independante-domaine-architecture-moe\/#breadcrumb","itemListElement":[{"@type":"ListItem","position":1,"name":"Accueil","item":"https:\/\/estelliance-admin.fr\/"},{"@type":"ListItem","position":2,"name":"TARIFS SECTEUR ARCHITECTES &amp; MOE"}]},{"@type":"WebSite","@id":"https:\/\/estelliance-admin.fr\/#website","url":"https:\/\/estelliance-admin.fr\/","name":"ESTELLIANCE ADMIN","description":"Votre s\u00e9r\u00e9nit\u00e9 administrative commence ici","publisher":{"@id":"https:\/\/estelliance-admin.fr\/#\/schema\/person\/863ed9e1f8de6a656f5a2bb5f06138fe"},"potentialAction":[{"@type":"SearchAction","target":{"@type":"EntryPoint","urlTemplate":"https:\/\/estelliance-admin.fr\/?s={search_term_string}"},"query-input":{"@type":"PropertyValueSpecification","valueRequired":true,"valueName":"search_term_string"}}],"inLanguage":"fr-FR"},{"@type":["Person","Organization"],"@id":"https:\/\/estelliance-admin.fr\/#\/schema\/person\/863ed9e1f8de6a656f5a2bb5f06138fe","name":"secadmin","image":{"@type":"ImageObject","inLanguage":"fr-FR","@id":"https:\/\/estelliance-admin.fr\/#\/schema\/person\/image\/","url":"https:\/\/i0.wp.com\/estelliance-admin.fr\/wp-content\/uploads\/2025\/03\/Ajouter-un-titre.webp?fit=500%2C500&ssl=1","contentUrl":"https:\/\/i0.wp.com\/estelliance-admin.fr\/wp-content\/uploads\/2025\/03\/Ajouter-un-titre.webp?fit=500%2C500&ssl=1","width":500,"height":500,"caption":"secadmin"},"logo":{"@id":"https:\/\/estelliance-admin.fr\/#\/schema\/person\/image\/"},"sameAs":["http:\/\/estelliance-admin.fr"]}]}},"jetpack_sharing_enabled":true,"_links":{"self":[{"href":"https:\/\/estelliance-admin.fr\/index.php\/wp-json\/wp\/v2\/pages\/98","targetHints":{"allow":["GET"]}}],"collection":[{"href":"https:\/\/estelliance-admin.fr\/index.php\/wp-json\/wp\/v2\/pages"}],"about":[{"href":"https:\/\/estelliance-admin.fr\/index.php\/wp-json\/wp\/v2\/types\/page"}],"author":[{"embeddable":true,"href":"https:\/\/estelliance-admin.fr\/index.php\/wp-json\/wp\/v2\/users\/1"}],"replies":[{"embeddable":true,"href":"https:\/\/estelliance-admin.fr\/index.php\/wp-json\/wp\/v2\/comments?post=98"}],"version-history":[{"count":23,"href":"https:\/\/estelliance-admin.fr\/index.php\/wp-json\/wp\/v2\/pages\/98\/revisions"}],"predecessor-version":[{"id":337,"href":"https:\/\/estelliance-admin.fr\/index.php\/wp-json\/wp\/v2\/pages\/98\/revisions\/337"}],"wp:attachment":[{"href":"https:\/\/estelliance-admin.fr\/index.php\/wp-json\/wp\/v2\/media?parent=98"}],"curies":[{"name":"wp","href":"https:\/\/api.w.org\/{rel}","templated":true}]}}